{"id":27295,"date":"2025-04-02T15:10:08","date_gmt":"2025-04-02T15:10:08","guid":{"rendered":"https:\/\/les-bassans.com\/?page_id=27295"},"modified":"2026-03-20T19:41:15","modified_gmt":"2026-03-20T19:41:15","slug":"juridische-informatie","status":"publish","type":"page","link":"https:\/\/les-bassans.com\/nl\/juridische-informatie\/","title":{"rendered":"Juridische informatie"},"content":{"rendered":"<div data-elementor-type=\"wp-page\" data-elementor-id=\"27295\" class=\"elementor elementor-27295\" data-elementor-settings=\"{&quot;asli_hide_title_disabled&quot;:&quot;yes&quot;}\" data-elementor-post-type=\"page\">\n\t\t\t\t<div class=\"elementor-element elementor-element-688f3c6b e-flex e-con-boxed pt-xlarge px-gutters-horizontal e-con e-parent\" data-id=\"688f3c6b\" data-element_type=\"container\" data-e-type=\"container\" data-settings=\"{&quot;background_background&quot;:&quot;classic&quot;}\">\n\t\t\t\t\t<div class=\"e-con-inner\">\n\t\t\t\t<div class=\"elementor-element elementor-element-6d75f2e7 elementor-widget elementor-widget-text-editor\" data-id=\"6d75f2e7\" data-element_type=\"widget\" data-e-type=\"widget\" data-widget_type=\"text-editor.default\">\n\t\t\t\t<div class=\"elementor-widget-container\">\n\t\t\t\t\t\t\t\t\t<p><\/p>\n<h2 class=\"wp-block-heading\">Juridische informatie<\/h2>\n<p><\/p>\n<p><b>Onze website: https:les-bassans.com<\/b><\/p>\n<p><\/p>\n<p><strong>Bedrijf :<\/strong> Domein van Fontenille SAS<\/p>\n<p><strong>Geregistreerd kantoor: <\/strong>Domaine de Fontenille 84360 Lauris<\/p>\n<p>Contactadres en secundaire vestiging: 9 avenue de l'Op\u00e9ra 75001 Parijs<\/p>\n<p>contact@fontenillecollection.com<\/p>\n<p><strong>SIREN<\/strong> <strong>:<\/strong> 798 361 184<\/p>\n<p><strong>BTW<\/strong> <strong>:<\/strong> FR13 798361184<\/p>\n<p><strong>Aandelenkapitaal<\/strong> <strong>:<\/strong> EUR 94.626.400<\/p>\n<p><strong>Doel van de site<\/strong> <strong>:<\/strong> Promotie van de vestiging<\/p>\n<p><strong>Directeur publicatie :<\/strong> Fr\u00e9d\u00e9ric Biousse<\/p>\n<p><strong>Redactie :<\/strong> Fr\u00e9d\u00e9ric Biousse<\/p>\n<p><strong>Concept &amp; Realisatie van de website:<\/strong> Fontenille Collectie<\/p>\n<p><strong>Gehost door :<\/strong> O2SWITCH, Soci\u00e9t\u00e9 par Actions Simplifi\u00e9es, geregistreerd in het handelsregister van Clermont-Ferrand.<\/p>\n<p><strong style=\"font-size: clamp(1rem, 0.9712rem + 0.1282vw, 1.125rem);\">Eigenaar van de foto's, afbeeldingen en teksten:<\/strong><span style=\"font-size: clamp(1rem, 0.9712rem + 0.1282vw, 1.125rem);\"> Domein van Fontenille SAS<\/span><\/p>\n<p><strong>De site beschikt over :<\/strong> informatie-inhoud<\/p>\n<p><strong>Verzamelen van persoonlijke gegevens online :<\/strong> zie Privacybeleid.<\/p>\n<p><strong>Wet bescherming persoonsgegevens :<\/strong> de site is aangemeld bij de Commission Nationale Informatique et Libert\u00e9. U hebt het recht om uw gegevens in te zien, te wijzigen, te rectificeren en te verwijderen (art. 34 van de Franse wet op de gegevensbescherming). Om dit recht uit te oefenen, kunt u contact opnemen met: contact@fontenillecollection.com<\/p>\n<p><strong>Eigendom :<\/strong> De website en de informatie die erop staat, zijn beschermd door de Franse wet op intellectuele eigendom en door internationale verdragen. Buiten gebruik <strong>dans<\/strong> De familiekring of voor priv\u00e9gebruik, de site en de inhoud ervan mogen niet worden gereproduceerd, heruitgegeven, getranscribeerd, gewijzigd of opnieuw verzonden zonder voorafgaande toestemming van de rechthebbenden.<\/p>\n<p><\/p>\n<p>\u00a0<\/p>\t\t\t\t\t\t\t\t<\/div>\n\t\t\t\t<\/div>\n\t\t\t\t\t<\/div>\n\t\t\t\t<\/div>\n\t\t\t\t<\/div>","protected":false},"excerpt":{"rendered":"<p>Mentions L\u00e9gales Notre site web : https:les-bassans.com Soci\u00e9t\u00e9 : Les Domaines de Fontenille SAS Si\u00e8ge social : Domaine de Fontenille 84360 Lauris Adresse de contact et \u00e9tablissement secondaire : 9 avenue de l\u2019Op\u00e9ra 75001 Paris contact@fontenillecollection.com SIREN : 798 361 184 TVA : FR13 798361184 Capital social : 94 626 400 EUR Objet du site [&hellip;]<\/p>\n","protected":false},"author":1,"featured_media":0,"parent":0,"menu_order":0,"comment_status":"closed","ping_status":"closed","template":"","meta":{"_acf_changed":false,"iawp_total_views":241,"footnotes":""},"class_list":["post-27295","page","type-page","status-publish","hentry"],"acf":[],"yoast_head":"<!-- This site is optimized with the Yoast SEO plugin v27.5 - https:\/\/yoast.com\/product\/yoast-seo-wordpress\/ -->\n<title>Mentions L\u00e9gales &#8226; Les Bassans<\/title>\n<meta name=\"robots\" content=\"index, follow, max-snippet:-1, max-image-preview:large, max-video-preview:-1\" \/>\n<link rel=\"canonical\" href=\"https:\/\/les-bassans.com\/nl\/juridische-informatie\/\" \/>\n<meta property=\"og:locale\" content=\"nl_NL\" \/>\n<meta property=\"og:type\" content=\"article\" \/>\n<meta property=\"og:title\" content=\"Mentions L\u00e9gales &#8226; Les Bassans\" \/>\n<meta property=\"og:description\" content=\"Mentions L\u00e9gales Notre site web : https:les-bassans.com Soci\u00e9t\u00e9 : Les Domaines de Fontenille SAS Si\u00e8ge social : Domaine de Fontenille 84360 Lauris Adresse de contact et \u00e9tablissement secondaire : 9 avenue de l\u2019Op\u00e9ra 75001 Paris contact@fontenillecollection.com SIREN : 798 361 184 TVA : FR13 798361184 Capital social : 94 626 400 EUR Objet du site [&hellip;]\" \/>\n<meta property=\"og:url\" content=\"https:\/\/les-bassans.com\/nl\/juridische-informatie\/\" \/>\n<meta property=\"og:site_name\" content=\"Les Bassans\" \/>\n<meta property=\"article:modified_time\" content=\"2026-03-20T19:41:15+00:00\" \/>\n<meta property=\"og:image\" content=\"https:\/\/les-bassans.com\/wp-content\/uploads\/2025\/04\/les-bassans-hotel-spa-perros-guirec-bretagne-fontenille-collection-logo-officiel-scaled.jpg\" \/>\n\t<meta property=\"og:image:width\" content=\"2560\" \/>\n\t<meta property=\"og:image:height\" content=\"1427\" \/>\n\t<meta property=\"og:image:type\" content=\"image\/jpeg\" \/>\n<meta name=\"twitter:card\" content=\"summary_large_image\" \/>\n<meta name=\"twitter:label1\" content=\"Geschatte leestijd\" \/>\n\t<meta name=\"twitter:data1\" content=\"2 minuten\" \/>\n<script type=\"application\/ld+json\" class=\"yoast-schema-graph\">{\"@context\":\"https:\\\/\\\/schema.org\",\"@graph\":[{\"@type\":\"WebPage\",\"@id\":\"https:\\\/\\\/les-bassans.com\\\/mentions-legales\\\/\",\"url\":\"https:\\\/\\\/les-bassans.com\\\/mentions-legales\\\/\",\"name\":\"Mentions L\u00e9gales &#8226; Les Bassans\",\"isPartOf\":{\"@id\":\"https:\\\/\\\/les-bassans.com\\\/#website\"},\"datePublished\":\"2025-04-02T15:10:08+00:00\",\"dateModified\":\"2026-03-20T19:41:15+00:00\",\"breadcrumb\":{\"@id\":\"https:\\\/\\\/les-bassans.com\\\/mentions-legales\\\/#breadcrumb\"},\"inLanguage\":\"nl-NL\",\"potentialAction\":[{\"@type\":\"ReadAction\",\"target\":[\"https:\\\/\\\/les-bassans.com\\\/mentions-legales\\\/\"]}]},{\"@type\":\"BreadcrumbList\",\"@id\":\"https:\\\/\\\/les-bassans.com\\\/mentions-legales\\\/#breadcrumb\",\"itemListElement\":[{\"@type\":\"ListItem\",\"position\":1,\"name\":\"Accueil\",\"item\":\"https:\\\/\\\/les-bassans.com\\\/\"},{\"@type\":\"ListItem\",\"position\":2,\"name\":\"Mentions L\u00e9gales\"}]},{\"@type\":\"WebSite\",\"@id\":\"https:\\\/\\\/les-bassans.com\\\/#website\",\"url\":\"https:\\\/\\\/les-bassans.com\\\/\",\"name\":\"Les Bassans\",\"description\":\"H\u00f4tel Spa \u00e0 Perros-Guirec et Restaurant vue mer\",\"publisher\":{\"@id\":\"https:\\\/\\\/les-bassans.com\\\/#organization\"},\"potentialAction\":[{\"@type\":\"SearchAction\",\"target\":{\"@type\":\"EntryPoint\",\"urlTemplate\":\"https:\\\/\\\/les-bassans.com\\\/?s={search_term_string}\"},\"query-input\":{\"@type\":\"PropertyValueSpecification\",\"valueRequired\":true,\"valueName\":\"search_term_string\"}}],\"inLanguage\":\"nl-NL\"},{\"@type\":\"Organization\",\"@id\":\"https:\\\/\\\/les-bassans.com\\\/#organization\",\"name\":\"Les Bassans\",\"alternateName\":\"Bassans\",\"url\":\"https:\\\/\\\/les-bassans.com\\\/\",\"logo\":{\"@type\":\"ImageObject\",\"inLanguage\":\"nl-NL\",\"@id\":\"https:\\\/\\\/les-bassans.com\\\/#\\\/schema\\\/logo\\\/image\\\/\",\"url\":\"https:\\\/\\\/les-bassans.com\\\/wp-content\\\/uploads\\\/2023\\\/05\\\/LesBassans-Logo-Simple.png\",\"contentUrl\":\"https:\\\/\\\/les-bassans.com\\\/wp-content\\\/uploads\\\/2023\\\/05\\\/LesBassans-Logo-Simple.png\",\"width\":850,\"height\":253,\"caption\":\"Les Bassans\"},\"image\":{\"@id\":\"https:\\\/\\\/les-bassans.com\\\/#\\\/schema\\\/logo\\\/image\\\/\"}}]}<\/script>\n<!-- \/ Yoast SEO plugin. -->","yoast_head_json":{"title":"Wettelijke kennisgeving - Les Bassans","robots":{"index":"index","follow":"follow","max-snippet":"max-snippet:-1","max-image-preview":"max-image-preview:large","max-video-preview":"max-video-preview:-1"},"canonical":"https:\/\/les-bassans.com\/nl\/juridische-informatie\/","og_locale":"nl_NL","og_type":"article","og_title":"Mentions L\u00e9gales &#8226; Les Bassans","og_description":"Mentions L\u00e9gales Notre site web : https:les-bassans.com Soci\u00e9t\u00e9 : Les Domaines de Fontenille SAS Si\u00e8ge social : Domaine de Fontenille 84360 Lauris Adresse de contact et \u00e9tablissement secondaire : 9 avenue de l\u2019Op\u00e9ra 75001 Paris contact@fontenillecollection.com SIREN : 798 361 184 TVA : FR13 798361184 Capital social : 94 626 400 EUR Objet du site [&hellip;]","og_url":"https:\/\/les-bassans.com\/nl\/juridische-informatie\/","og_site_name":"Les Bassans","article_modified_time":"2026-03-20T19:41:15+00:00","og_image":[{"width":2560,"height":1427,"url":"https:\/\/les-bassans.com\/wp-content\/uploads\/2025\/04\/les-bassans-hotel-spa-perros-guirec-bretagne-fontenille-collection-logo-officiel-scaled.jpg","type":"image\/jpeg"}],"twitter_card":"summary_large_image","twitter_misc":{"Geschatte leestijd":"2 minuten"},"schema":{"@context":"https:\/\/schema.org","@graph":[{"@type":"WebPage","@id":"https:\/\/les-bassans.com\/mentions-legales\/","url":"https:\/\/les-bassans.com\/mentions-legales\/","name":"Wettelijke kennisgeving - Les Bassans","isPartOf":{"@id":"https:\/\/les-bassans.com\/#website"},"datePublished":"2025-04-02T15:10:08+00:00","dateModified":"2026-03-20T19:41:15+00:00","breadcrumb":{"@id":"https:\/\/les-bassans.com\/mentions-legales\/#breadcrumb"},"inLanguage":"nl-NL","potentialAction":[{"@type":"ReadAction","target":["https:\/\/les-bassans.com\/mentions-legales\/"]}]},{"@type":"BreadcrumbList","@id":"https:\/\/les-bassans.com\/mentions-legales\/#breadcrumb","itemListElement":[{"@type":"ListItem","position":1,"name":"Accueil","item":"https:\/\/les-bassans.com\/"},{"@type":"ListItem","position":2,"name":"Mentions L\u00e9gales"}]},{"@type":"WebSite","@id":"https:\/\/les-bassans.com\/#website","url":"https:\/\/les-bassans.com\/","name":"Les Bassans","description":"Hotel Spa in Perros-Guirec en restaurant met uitzicht op zee","publisher":{"@id":"https:\/\/les-bassans.com\/#organization"},"potentialAction":[{"@type":"SearchAction","target":{"@type":"EntryPoint","urlTemplate":"https:\/\/les-bassans.com\/?s={search_term_string}"},"query-input":{"@type":"PropertyValueSpecification","valueRequired":true,"valueName":"search_term_string"}}],"inLanguage":"nl-NL"},{"@type":"Organization","@id":"https:\/\/les-bassans.com\/#organization","name":"Les Bassans","alternateName":"Bassans","url":"https:\/\/les-bassans.com\/","logo":{"@type":"ImageObject","inLanguage":"nl-NL","@id":"https:\/\/les-bassans.com\/#\/schema\/logo\/image\/","url":"https:\/\/les-bassans.com\/wp-content\/uploads\/2023\/05\/LesBassans-Logo-Simple.png","contentUrl":"https:\/\/les-bassans.com\/wp-content\/uploads\/2023\/05\/LesBassans-Logo-Simple.png","width":850,"height":253,"caption":"Les Bassans"},"image":{"@id":"https:\/\/les-bassans.com\/#\/schema\/logo\/image\/"}}]}},"_links":{"self":[{"href":"https:\/\/les-bassans.com\/nl\/wp-json\/wp\/v2\/pages\/27295","targetHints":{"allow":["GET"]}}],"collection":[{"href":"https:\/\/les-bassans.com\/nl\/wp-json\/wp\/v2\/pages"}],"about":[{"href":"https:\/\/les-bassans.com\/nl\/wp-json\/wp\/v2\/types\/page"}],"author":[{"embeddable":true,"href":"https:\/\/les-bassans.com\/nl\/wp-json\/wp\/v2\/users\/1"}],"replies":[{"embeddable":true,"href":"https:\/\/les-bassans.com\/nl\/wp-json\/wp\/v2\/comments?post=27295"}],"version-history":[{"count":7,"href":"https:\/\/les-bassans.com\/nl\/wp-json\/wp\/v2\/pages\/27295\/revisions"}],"predecessor-version":[{"id":29896,"href":"https:\/\/les-bassans.com\/nl\/wp-json\/wp\/v2\/pages\/27295\/revisions\/29896"}],"wp:attachment":[{"href":"https:\/\/les-bassans.com\/nl\/wp-json\/wp\/v2\/media?parent=27295"}],"curies":[{"name":"wp","href":"https:\/\/api.w.org\/{rel}","templated":true}]}}