{"id":3,"date":"2024-01-29T17:11:30","date_gmt":"2024-01-29T17:11:30","guid":{"rendered":"https:\/\/les-bassans.com\/?page_id=3"},"modified":"2025-04-08T16:37:48","modified_gmt":"2025-04-08T16:37:48","slug":"rgpd","status":"publish","type":"page","link":"https:\/\/les-bassans.com\/it\/rgpd\/","title":{"rendered":"RGPD"},"content":{"rendered":"<div data-elementor-type=\"wp-page\" data-elementor-id=\"3\" class=\"elementor elementor-3\" data-elementor-settings=\"{&quot;asli_hide_title_disabled&quot;:&quot;yes&quot;}\" data-elementor-post-type=\"page\">\n\t\t\t\t<div class=\"elementor-element elementor-element-688f3c6b e-flex e-con-boxed pt-xlarge px-gutters-horizontal e-con e-parent\" data-id=\"688f3c6b\" data-element_type=\"container\" data-e-type=\"container\" data-settings=\"{&quot;background_background&quot;:&quot;classic&quot;}\">\n\t\t\t\t\t<div class=\"e-con-inner\">\n\t\t\t\t<div class=\"elementor-element elementor-element-6d75f2e7 elementor-widget elementor-widget-text-editor\" data-id=\"6d75f2e7\" data-element_type=\"widget\" data-e-type=\"widget\" data-widget_type=\"text-editor.default\">\n\t\t\t\t<div class=\"elementor-widget-container\">\n\t\t\t\t\t\t\t\t\t<h2>Informativa sulla privacy<\/h2>\n<p><!-- \/wp:heading --><!-- wp:paragraph --><\/p>\n<h5><strong>Informazioni generali :<\/strong><\/h5>\n<p>Quando l'utente visita il nostro sito web, vengono raccolti vari tipi di informazioni, tra cui l'indirizzo IP da cui accede al sito, la versione e il tipo di browser utilizzato per accedere al sito, il sistema operativo utilizzato, i domini e l'ora della richiesta. Queste informazioni non ci permettono di identificare l'identit\u00e0 dell'utente e questo non \u00e8 il nostro obiettivo. Utilizziamo le informazioni raccolte esclusivamente a fini statistici, principalmente per migliorare il contenuto e la presentazione del nostro sito web. Si prega di notare che possiamo raccogliere ulteriori dati, come nome, indirizzo postale e di posta elettronica e numero di telefono, che l'utente fornisce volontariamente durante la navigazione nel nostro sito. Potete anche pagare e utilizzare i nostri servizi utilizzando uno pseudonimo o dati anonimizzati, senza fornirci i dati personali di cui sopra.<\/p>\n<h5><strong>Biscotti :<\/strong><\/h5>\n<p>Questo sito web utilizza i cookie per raccogliere dati a fini statistici. I cookie sono piccoli file memorizzati sul disco rigido del vostro computer; quando navigate sul nostro sito, monitorano la vostra attivit\u00e0 e ci forniscono dati chiave per facilitare la navigazione. Se i cookie vengono memorizzati sul vostro computer, non dovrete inserire tutti i dati necessari per accedere al sito ogni volta che lo visitate. Questi dati ci permettono di personalizzare il nostro sito web in base ai vostri gusti e alle vostre esigenze; questo fa parte del nostro sforzo generale per fornirvi un accesso continuo alle nostre pagine e ai nostri servizi. Se non desiderate che i cookie vengano memorizzati sul vostro computer, potete utilizzare le impostazioni del vostro browser per bloccare i cookie dal nostro sito. Per sapere come configurare il vostro browser per gestire i cookie, visitate il centro assistenza del vostro browser. Potete cancellare i cookie gi\u00e0 memorizzati sul vostro computer ogni volta che lo desiderate. Si noti che il blocco dei cookie pu\u00f2 limitare l'accesso ad alcune funzioni del nostro sito e comportare un'esperienza di navigazione meno fluida.<\/p>\n<h5><strong>Divulgazione dei dati a terzi :<\/strong><\/h5>\n<p>Se non diversamente indicato nella presente informativa, tutti i dati che condividete con noi, o che raccogliamo da voi quando navigate sul nostro sito, saranno mantenuti segreti e non saranno divulgati a terzi, tranne nei casi in cui ci\u00f2 sia richiesto dalla legge o in cui i dati debbano essere trasmessi per adempiere al rapporto contrattuale che avete sottoscritto. Societ\u00e0 terze e associate, comprese le societ\u00e0 di pagamento online, avranno accesso a questi dati solo se necessario per elaborare l'ordine. In questi casi, ci assicureremo che la portata della trasmissione dei dati sia limitata al minimo indispensabile concordato. Inoltre, imponiamo una rigorosa politica di protezione dei dati personali che ci fornite o che troviamo. Seguendo questa politica, ci atteniamo alle disposizioni della legislazione sulla protezione dei dati. Si prega di notare che non siamo responsabili per i dati forniti ad altri fornitori di servizi. Prendiamo provvedimenti solo per garantire che i dati che vi riguardano forniti da altri fornitori di servizi siano forniti nel pieno rispetto dei requisiti delle leggi sulla protezione dei dati e sulla privacy, come indicato nella nostra Informativa sulla privacy.<\/p>\n<h5><strong>Google Analytics :<\/strong><\/h5>\n<p>Questo sito web utilizza Google Analytics, un servizio di analisi gestito da Google che aiuta i siti web a capire come personalizzare le proprie pagine per migliorare l'esperienza degli utenti. Questo servizio utilizza i cookie per tracciare le vostre azioni, compreso il tempo che trascorrete sul nostro sito e le pagine che visitate. Si prega di notare che l'uso del nostro account Google Analytics non raccoglie alcun dato personale dell'utente, pertanto non siamo in grado di identificare chi visita il nostro sito. Per saperne di pi\u00f9 su Google Analytics, visitate la pagina ufficiale.<\/p>\n<h5><strong>Remarketing di Google Adwords :<\/strong><\/h5>\n<p>Utilizziamo Google AdWords Remarketing per scopi pubblicitari su Internet. Il programma di remarketing di AdWords consente di visualizzare pubblicit\u00e0 pertinenti in base alle pagine del sito visitate. Queste informazioni sono raccolte da un cookie collocato sul vostro computer. QUESTO COOKIE NON IDENTIFICA ALCUN DATO PERSONALE E NON AUTORIZZA L'ACCESSO AL VOSTRO COMPUTER. Grazie al programma di Remarketing di Google AdWords, siamo in grado di personalizzare le nostre azioni di marketing in base alle vostre esigenze e di visualizzare solo gli annunci pubblicitari che potrebbero interessarvi.<\/p>\n<p>Facebook: pixel del pubblico personalizzato (pubblico personalizzato per il vostro sito web) :<\/p>\n<p>Un Facebook Custom Audience Pixel \u00e8 un pezzo di codice JavaScript installato su ogni pagina del vostro sito che raccoglie e trasmette dati definiti dall'utente al programma di marketing di Facebook. Utilizziamo questo servizio per raccogliere dati relativi al comportamento degli utenti sul nostro sito. Le informazioni raccolte dal pixel includono la sessione di navigazione dell'utente, che viene inviata a Facebook insieme a un ID con hash e all'URL visitato dall'utente. Ogni utente di Facebook ha un ID Facebook unico, indipendentemente dal dispositivo utilizzato, che ci aiuta a monitorare i visitatori quando accedono al nostro sito da diversi tipi di dispositivi. Utilizziamo questi dati per scopi commerciali e, in particolare, per la pubblicit\u00e0 mirata con la piattaforma pubblicitaria di Facebook.<\/p>\n<h5><strong>Newsletter :<\/strong><\/h5>\n<p>Riceverete informazioni pubblicitarie tramite la nostra newsletter solo se ci autorizzate a utilizzare il vostro indirizzo e-mail a tale scopo. Il nostro sito o le sue filiali non vi invieranno mai newsletter o e-mail pubblicitarie se non vi siete iscritti. Iscrivendosi alla nostra newsletter, \u00e8 possibile scegliere le aree di interesse per ricevere le relative e-mail. Utilizziamo queste informazioni e i vostri dati personali per inviarvi informazioni di vostro interesse. Se si desidera annullare l'iscrizione alla nostra newsletter o alle e-mail pubblicitarie, \u00e8 possibile fare clic sul link di annullamento dell'iscrizione in fondo alle nostre e-mail.<\/p>\n<h5>Videosorveglianza :<\/h5>\n<p>Les Domaines de Fontenille SAS utilizza la videosorveglianza per garantire la sicurezza delle persone e dei beni.<\/p>\n<p>Le immagini vengono conservate per un mese. In caso di incidente relativo alla sicurezza delle persone e dei beni, le immagini di videosorveglianza possono comunque essere estratte dal sistema. In questo caso, vengono conservate su un altro supporto per il tempo necessario a risolvere le procedure relative all'incidente e sono accessibili solo alle persone autorizzate.<\/p>\n<p>In caso di incidente, le immagini possono essere visionate dal personale autorizzato della struttura interessata o di Les Domaines de Fontenille SAS, nonch\u00e9 dalla polizia. Anche il personale della societ\u00e0 responsabile della manutenzione delle apparecchiature pu\u00f2 accedere alle immagini solo a questo scopo.<\/p>\n<p>Se desiderate esercitare i vostri diritti in materia di protezione dei dati, in particolare il diritto di accesso alle immagini che vi riguardano, il diritto di chiederne la cancellazione, il diritto di opporvi, o per qualsiasi informazione su questo sistema, potete contattarci scrivendo a <strong>privacy@fontenillecollection.com<\/strong> o al seguente indirizzo postale: 9, avenue de l'Op\u00e9ra, 75001 Parigi.<\/p>\n<p>Se, dopo averci contattato, ritenete che i vostri diritti in materia di trattamento dei dati, archivi e libert\u00e0 individuali non siano stati rispettati o che il dispositivo video non sia conforme alle norme sulla protezione dei dati, potete presentare un reclamo online alla CNIL o per posta.<\/p>\n<h5>Trattamento dei dati personali:<\/h5>\n<p>I dati personali raccolti sul sito web, tramite i moduli di contatto, per telefono o con qualsiasi altro mezzo sono trattati in conformit\u00e0 al Regolamento (UE) 2016\/679 del Parlamento europeo e del Consiglio, del 27 aprile 2016, relativo alla protezione delle persone fisiche con riguardo al trattamento dei dati personali e alla libera circolazione di tali dati e alla legge n. 78-17 del 6 gennaio 1978 sull'informatica, i file e le libert\u00e0, meglio nota come legge sulla protezione dei dati.<\/p>\n<p>Le basi giuridiche del trattamento sono l'obbligo legale, il legittimo interesse (videosorveglianza), il consenso (newsletter) o il contratto (prenotazioni).<\/p>\n<p>Les Domaines de Fontenille SAS non conserver\u00e0 i dati personali del cliente oltre il periodo prescritto dalle leggi e dai regolamenti applicabili ai dati personali.<\/p>\n<p>Domaines de Fontenille SAS non trasferisce i dati a fini di elaborazione, hosting o accesso remoto, senza il previo consenso scritto del cliente, al di fuori dei paesi dell'Unione Europea e dei paesi riconosciuti dalla Commissione Europea come in grado di fornire una protezione adeguata al momento del trasferimento in questione. L'utente ha il diritto di accedere, modificare, rettificare, revocare il consenso e cancellare i dati che lo riguardano (art. 34 della legge francese sulla protezione dei dati).<\/p>\n<p>Per esercitare questo diritto, si prega di contattare: privacy@lesdomainesdefontenille.com<\/p>\n<p><strong>OBBLIGO DI FORNIRE INFORMAZIONI SUL SISTEMA BLOCTEL<\/strong> (art. L223-2 del Codice del consumo francese)<\/p>\n<p>\"Quando un professionista raccoglie dati telefonici da un consumatore, deve informarlo del suo diritto di iscriversi alla lista di opposizione al marketing telefonico. Se queste informazioni vengono raccolte al momento della conclusione di un contratto, il contratto deve indicare in modo chiaro e comprensibile che il consumatore ha questo diritto\".<\/p>\n<p>Potete iscrivervi gratuitamente alla lista di opposizione al marketing telefonico di BLOCTEL.<\/p>\t\t\t\t\t\t\t\t<\/div>\n\t\t\t\t<\/div>\n\t\t\t\t\t<\/div>\n\t\t\t\t<\/div>\n\t\t\t\t<\/div>","protected":false},"excerpt":{"rendered":"<p>Politique de Confidentialit\u00e9 Informations g\u00e9n\u00e9rales : Lorsque vous visitez notre site Internet, diff\u00e9rents types d\u2019informations sont r\u00e9colt\u00e9s dont l\u2019adresse IP depuis laquelle vous acc\u00e9dez au site, la version et le type de navigateur utilis\u00e9s pour acc\u00e9der au site, le syst\u00e8me d\u2019exploitation utilis\u00e9, les domaines et l\u2019heure de la requ\u00eate. Ces informations ne nous permettent pas [&hellip;]<\/p>\n","protected":false},"author":1,"featured_media":0,"parent":0,"menu_order":0,"comment_status":"closed","ping_status":"closed","template":"","meta":{"_acf_changed":false,"iawp_total_views":324,"footnotes":""},"class_list":["post-3","page","type-page","status-publish","hentry"],"acf":[],"yoast_head":"<!-- This site is optimized with the Yoast SEO plugin v27.5 - https:\/\/yoast.com\/product\/yoast-seo-wordpress\/ -->\n<title>RGPD &#8226; Les Bassans<\/title>\n<meta name=\"robots\" content=\"index, follow, max-snippet:-1, max-image-preview:large, max-video-preview:-1\" \/>\n<link rel=\"canonical\" href=\"https:\/\/les-bassans.com\/it\/rgpd\/\" \/>\n<meta property=\"og:locale\" content=\"it_IT\" \/>\n<meta property=\"og:type\" content=\"article\" \/>\n<meta property=\"og:title\" content=\"RGPD &#8226; Les Bassans\" \/>\n<meta property=\"og:description\" content=\"Politique de Confidentialit\u00e9 Informations g\u00e9n\u00e9rales : Lorsque vous visitez notre site Internet, diff\u00e9rents types d\u2019informations sont r\u00e9colt\u00e9s dont l\u2019adresse IP depuis laquelle vous acc\u00e9dez au site, la version et le type de navigateur utilis\u00e9s pour acc\u00e9der au site, le syst\u00e8me d\u2019exploitation utilis\u00e9, les domaines et l\u2019heure de la requ\u00eate. Ces informations ne nous permettent pas [&hellip;]\" \/>\n<meta property=\"og:url\" content=\"https:\/\/les-bassans.com\/it\/rgpd\/\" \/>\n<meta property=\"og:site_name\" content=\"Les Bassans\" \/>\n<meta property=\"article:modified_time\" content=\"2025-04-08T16:37:48+00:00\" \/>\n<meta property=\"og:image\" content=\"https:\/\/les-bassans.com\/wp-content\/uploads\/2025\/04\/les-bassans-hotel-spa-perros-guirec-bretagne-fontenille-collection-logo-officiel-scaled.jpg\" \/>\n\t<meta property=\"og:image:width\" content=\"2560\" \/>\n\t<meta property=\"og:image:height\" content=\"1427\" \/>\n\t<meta property=\"og:image:type\" content=\"image\/jpeg\" \/>\n<meta name=\"twitter:card\" content=\"summary_large_image\" \/>\n<meta name=\"twitter:label1\" content=\"Tempo di lettura stimato\" \/>\n\t<meta name=\"twitter:data1\" content=\"8 minuti\" \/>\n<script type=\"application\/ld+json\" class=\"yoast-schema-graph\">{\"@context\":\"https:\\\/\\\/schema.org\",\"@graph\":[{\"@type\":\"WebPage\",\"@id\":\"https:\\\/\\\/les-bassans.com\\\/rgpd\\\/\",\"url\":\"https:\\\/\\\/les-bassans.com\\\/rgpd\\\/\",\"name\":\"RGPD &#8226; Les Bassans\",\"isPartOf\":{\"@id\":\"https:\\\/\\\/les-bassans.com\\\/#website\"},\"datePublished\":\"2024-01-29T17:11:30+00:00\",\"dateModified\":\"2025-04-08T16:37:48+00:00\",\"breadcrumb\":{\"@id\":\"https:\\\/\\\/les-bassans.com\\\/rgpd\\\/#breadcrumb\"},\"inLanguage\":\"it-IT\",\"potentialAction\":[{\"@type\":\"ReadAction\",\"target\":[\"https:\\\/\\\/les-bassans.com\\\/rgpd\\\/\"]}]},{\"@type\":\"BreadcrumbList\",\"@id\":\"https:\\\/\\\/les-bassans.com\\\/rgpd\\\/#breadcrumb\",\"itemListElement\":[{\"@type\":\"ListItem\",\"position\":1,\"name\":\"Accueil\",\"item\":\"https:\\\/\\\/les-bassans.com\\\/\"},{\"@type\":\"ListItem\",\"position\":2,\"name\":\"RGPD\"}]},{\"@type\":\"WebSite\",\"@id\":\"https:\\\/\\\/les-bassans.com\\\/#website\",\"url\":\"https:\\\/\\\/les-bassans.com\\\/\",\"name\":\"Les Bassans\",\"description\":\"H\u00f4tel Spa \u00e0 Perros-Guirec et Restaurant vue mer\",\"publisher\":{\"@id\":\"https:\\\/\\\/les-bassans.com\\\/#organization\"},\"potentialAction\":[{\"@type\":\"SearchAction\",\"target\":{\"@type\":\"EntryPoint\",\"urlTemplate\":\"https:\\\/\\\/les-bassans.com\\\/?s={search_term_string}\"},\"query-input\":{\"@type\":\"PropertyValueSpecification\",\"valueRequired\":true,\"valueName\":\"search_term_string\"}}],\"inLanguage\":\"it-IT\"},{\"@type\":\"Organization\",\"@id\":\"https:\\\/\\\/les-bassans.com\\\/#organization\",\"name\":\"Les Bassans\",\"alternateName\":\"Bassans\",\"url\":\"https:\\\/\\\/les-bassans.com\\\/\",\"logo\":{\"@type\":\"ImageObject\",\"inLanguage\":\"it-IT\",\"@id\":\"https:\\\/\\\/les-bassans.com\\\/#\\\/schema\\\/logo\\\/image\\\/\",\"url\":\"https:\\\/\\\/les-bassans.com\\\/wp-content\\\/uploads\\\/2023\\\/05\\\/LesBassans-Logo-Simple.png\",\"contentUrl\":\"https:\\\/\\\/les-bassans.com\\\/wp-content\\\/uploads\\\/2023\\\/05\\\/LesBassans-Logo-Simple.png\",\"width\":850,\"height\":253,\"caption\":\"Les Bassans\"},\"image\":{\"@id\":\"https:\\\/\\\/les-bassans.com\\\/#\\\/schema\\\/logo\\\/image\\\/\"}}]}<\/script>\n<!-- \/ Yoast SEO plugin. -->","yoast_head_json":{"title":"RGPD - Les Bassans","robots":{"index":"index","follow":"follow","max-snippet":"max-snippet:-1","max-image-preview":"max-image-preview:large","max-video-preview":"max-video-preview:-1"},"canonical":"https:\/\/les-bassans.com\/it\/rgpd\/","og_locale":"it_IT","og_type":"article","og_title":"RGPD &#8226; Les Bassans","og_description":"Politique de Confidentialit\u00e9 Informations g\u00e9n\u00e9rales : Lorsque vous visitez notre site Internet, diff\u00e9rents types d\u2019informations sont r\u00e9colt\u00e9s dont l\u2019adresse IP depuis laquelle vous acc\u00e9dez au site, la version et le type de navigateur utilis\u00e9s pour acc\u00e9der au site, le syst\u00e8me d\u2019exploitation utilis\u00e9, les domaines et l\u2019heure de la requ\u00eate. Ces informations ne nous permettent pas [&hellip;]","og_url":"https:\/\/les-bassans.com\/it\/rgpd\/","og_site_name":"Les Bassans","article_modified_time":"2025-04-08T16:37:48+00:00","og_image":[{"width":2560,"height":1427,"url":"https:\/\/les-bassans.com\/wp-content\/uploads\/2025\/04\/les-bassans-hotel-spa-perros-guirec-bretagne-fontenille-collection-logo-officiel-scaled.jpg","type":"image\/jpeg"}],"twitter_card":"summary_large_image","twitter_misc":{"Tempo di lettura stimato":"8 minuti"},"schema":{"@context":"https:\/\/schema.org","@graph":[{"@type":"WebPage","@id":"https:\/\/les-bassans.com\/rgpd\/","url":"https:\/\/les-bassans.com\/rgpd\/","name":"RGPD - Les Bassans","isPartOf":{"@id":"https:\/\/les-bassans.com\/#website"},"datePublished":"2024-01-29T17:11:30+00:00","dateModified":"2025-04-08T16:37:48+00:00","breadcrumb":{"@id":"https:\/\/les-bassans.com\/rgpd\/#breadcrumb"},"inLanguage":"it-IT","potentialAction":[{"@type":"ReadAction","target":["https:\/\/les-bassans.com\/rgpd\/"]}]},{"@type":"BreadcrumbList","@id":"https:\/\/les-bassans.com\/rgpd\/#breadcrumb","itemListElement":[{"@type":"ListItem","position":1,"name":"Accueil","item":"https:\/\/les-bassans.com\/"},{"@type":"ListItem","position":2,"name":"RGPD"}]},{"@type":"WebSite","@id":"https:\/\/les-bassans.com\/#website","url":"https:\/\/les-bassans.com\/","name":"Les Bassans","description":"Hotel Spa a Perros-Guirec e ristorante con vista sul mare","publisher":{"@id":"https:\/\/les-bassans.com\/#organization"},"potentialAction":[{"@type":"SearchAction","target":{"@type":"EntryPoint","urlTemplate":"https:\/\/les-bassans.com\/?s={search_term_string}"},"query-input":{"@type":"PropertyValueSpecification","valueRequired":true,"valueName":"search_term_string"}}],"inLanguage":"it-IT"},{"@type":"Organization","@id":"https:\/\/les-bassans.com\/#organization","name":"Les Bassans","alternateName":"Bassans","url":"https:\/\/les-bassans.com\/","logo":{"@type":"ImageObject","inLanguage":"it-IT","@id":"https:\/\/les-bassans.com\/#\/schema\/logo\/image\/","url":"https:\/\/les-bassans.com\/wp-content\/uploads\/2023\/05\/LesBassans-Logo-Simple.png","contentUrl":"https:\/\/les-bassans.com\/wp-content\/uploads\/2023\/05\/LesBassans-Logo-Simple.png","width":850,"height":253,"caption":"Les Bassans"},"image":{"@id":"https:\/\/les-bassans.com\/#\/schema\/logo\/image\/"}}]}},"_links":{"self":[{"href":"https:\/\/les-bassans.com\/it\/wp-json\/wp\/v2\/pages\/3","targetHints":{"allow":["GET"]}}],"collection":[{"href":"https:\/\/les-bassans.com\/it\/wp-json\/wp\/v2\/pages"}],"about":[{"href":"https:\/\/les-bassans.com\/it\/wp-json\/wp\/v2\/types\/page"}],"author":[{"embeddable":true,"href":"https:\/\/les-bassans.com\/it\/wp-json\/wp\/v2\/users\/1"}],"replies":[{"embeddable":true,"href":"https:\/\/les-bassans.com\/it\/wp-json\/wp\/v2\/comments?post=3"}],"version-history":[{"count":7,"href":"https:\/\/les-bassans.com\/it\/wp-json\/wp\/v2\/pages\/3\/revisions"}],"predecessor-version":[{"id":27835,"href":"https:\/\/les-bassans.com\/it\/wp-json\/wp\/v2\/pages\/3\/revisions\/27835"}],"wp:attachment":[{"href":"https:\/\/les-bassans.com\/it\/wp-json\/wp\/v2\/media?parent=3"}],"curies":[{"name":"wp","href":"https:\/\/api.w.org\/{rel}","templated":true}]}}