{"id":3,"date":"2024-01-29T17:11:30","date_gmt":"2024-01-29T17:11:30","guid":{"rendered":"https:\/\/les-bassans.com\/?page_id=3"},"modified":"2025-04-08T16:37:48","modified_gmt":"2025-04-08T16:37:48","slug":"rgpd","status":"publish","type":"page","link":"https:\/\/les-bassans.com\/es\/rgpd\/","title":{"rendered":"RGPD"},"content":{"rendered":"<div data-elementor-type=\"wp-page\" data-elementor-id=\"3\" class=\"elementor elementor-3\" data-elementor-settings=\"{&quot;asli_hide_title_disabled&quot;:&quot;yes&quot;}\" data-elementor-post-type=\"page\">\n\t\t\t\t<div class=\"elementor-element elementor-element-688f3c6b e-flex e-con-boxed pt-xlarge px-gutters-horizontal e-con e-parent\" data-id=\"688f3c6b\" data-element_type=\"container\" data-e-type=\"container\" data-settings=\"{&quot;background_background&quot;:&quot;classic&quot;}\">\n\t\t\t\t\t<div class=\"e-con-inner\">\n\t\t\t\t<div class=\"elementor-element elementor-element-6d75f2e7 elementor-widget elementor-widget-text-editor\" data-id=\"6d75f2e7\" data-element_type=\"widget\" data-e-type=\"widget\" data-widget_type=\"text-editor.default\">\n\t\t\t\t<div class=\"elementor-widget-container\">\n\t\t\t\t\t\t\t\t\t<h2>Pol\u00edtica de privacidad<\/h2>\n<p><!-- \/wp:heading --><!-- wp:paragraph --><\/p>\n<h5><strong>Informaci\u00f3n general :<\/strong><\/h5>\n<p>Cuando visita nuestro sitio web, se recogen varios tipos de informaci\u00f3n, como la direcci\u00f3n IP desde la que accede al sitio, la versi\u00f3n y el tipo de navegador utilizado para acceder al sitio, el sistema operativo utilizado, los dominios y la hora de la solicitud. Esta informaci\u00f3n no nos permite identificar la identidad del usuario y no es nuestro objetivo. Utilizamos la informaci\u00f3n recopilada \u00fanicamente con fines estad\u00edsticos, principalmente para mejorar el contenido y la presentaci\u00f3n de nuestro sitio web. Tenga en cuenta que podemos recopilar datos adicionales, como el nombre, la direcci\u00f3n postal y de correo electr\u00f3nico y el n\u00famero de tel\u00e9fono, que usted nos facilite voluntariamente al navegar por nuestro sitio. Tambi\u00e9n puede pagar y utilizar nuestros servicios utilizando un seud\u00f3nimo o datos an\u00f3nimos, sin facilitarnos los datos personales antes mencionados.<\/p>\n<h5><strong>Cookies :<\/strong><\/h5>\n<p>Este sitio web utiliza cookies para recopilar datos con fines estad\u00edsticos. Las cookies son peque\u00f1os archivos que se almacenan en el disco duro de su ordenador; cuando navega por nuestro sitio, controlan su actividad y nos proporcionan datos clave para facilitarle la navegaci\u00f3n. Si se almacenan cookies en su ordenador, no tendr\u00e1 que introducir todos los datos necesarios para acceder a este sitio cada vez que lo visite. Estos datos nos permiten personalizar nuestro sitio web para adaptarlo a sus gustos y necesidades; esto forma parte de nuestro esfuerzo global por ofrecerle un acceso fluido a nuestras p\u00e1ginas y servicios. Si no desea que se almacenen cookies en su ordenador, puede utilizar la configuraci\u00f3n de su navegador para bloquear las cookies de nuestro sitio. Para saber c\u00f3mo configurar su navegador para gestionar las cookies, visite el centro de ayuda de su navegador. Puede eliminar las cookies ya almacenadas en su ordenador siempre que lo desee. Tenga en cuenta que bloquear las cookies puede restringir el acceso a determinadas funciones de nuestro sitio y dar lugar a una experiencia menos \u00e1gil.<\/p>\n<h5><strong>Divulgaci\u00f3n de datos a terceros :<\/strong><\/h5>\n<p>Salvo que se indique lo contrario en la presente declaraci\u00f3n, todos los datos que comparta con nosotros, o que recopilemos de usted cuando navegue por nuestro sitio, se mantendr\u00e1n en secreto y no se revelar\u00e1n a terceros, excepto cuando as\u00ed lo exija la ley o cuando los datos deban transmitirse para cumplir la relaci\u00f3n contractual que usted haya suscrito. Las empresas y asociados terceros, incluidas las empresas de pago en l\u00ednea, s\u00f3lo tendr\u00e1n acceso a estos datos cuando sea necesario para tramitar su pedido. En tales casos, nos aseguraremos de que el alcance de la transmisi\u00f3n de datos se mantenga en el m\u00ednimo esencial acordado. Tambi\u00e9n imponemos una estricta pol\u00edtica de protecci\u00f3n de datos sobre los datos personales que usted nos proporciona o que nosotros encontramos. Al seguir esta pol\u00edtica, cumplimos las disposiciones de la legislaci\u00f3n sobre protecci\u00f3n de datos. Tenga en cuenta que no somos responsables de los datos que facilite a otros proveedores de servicios. S\u00f3lo tomamos medidas para garantizar que cualquier dato sobre usted facilitado por otros proveedores de servicios se proporcione cumpliendo plenamente los requisitos de la legislaci\u00f3n sobre protecci\u00f3n de datos y privacidad, tal y como se establece en nuestra Pol\u00edtica de privacidad.<\/p>\n<h5><strong>Google Analytics :<\/strong><\/h5>\n<p>Este sitio web utiliza Google Analytics, un servicio de an\u00e1lisis operado por Google que ayuda a los sitios web a personalizar sus p\u00e1ginas para mejorar la experiencia del usuario. Este servicio utiliza cookies para realizar un seguimiento de sus acciones, incluido el tiempo que pasa en nuestro sitio y las p\u00e1ginas que visita. Tenga en cuenta que a trav\u00e9s de nuestra cuenta de Google Analytics no se recopila ninguno de sus datos personales, por lo que no podemos identificar qui\u00e9n visita nuestro sitio. Para obtener m\u00e1s informaci\u00f3n sobre Google Analytics, visite la p\u00e1gina oficial.<\/p>\n<h5><strong>Google Adwords Remarketing :<\/strong><\/h5>\n<p>Utilizamos Google AdWords Remarketing con fines publicitarios en Internet. El programa de remarketing de AdWords permite mostrar publicidad relevante basada en las p\u00e1ginas del sitio que usted visita. Esta informaci\u00f3n se recoge mediante una cookie que se coloca en su ordenador. ESTA COOKIE NO IDENTIFICAR\u00c1 NING\u00daN DATO PERSONAL Y NO AUTORIZAR\u00c1 EL ACCESO A SU ORDENADOR. Gracias al programa Google AdWords Remarketing, podemos personalizar nuestras acciones de marketing en funci\u00f3n de sus necesidades y mostrarle \u00fanicamente aquellos anuncios que puedan resultarle atractivos.<\/p>\n<p>Facebook: p\u00edxel de audiencia personalizada (audiencia personalizada para su sitio web) :<\/p>\n<p>Un p\u00edxel de audiencia personalizada de Facebook es un fragmento de c\u00f3digo JavaScript instalado en cada p\u00e1gina de tu sitio que recopila y transmite datos definidos por el usuario al programa de marketing de Facebook. Utilizamos este servicio para recopilar datos relacionados con el comportamiento de los usuarios en nuestro sitio. La informaci\u00f3n recogida por el p\u00edxel incluye la sesi\u00f3n de navegaci\u00f3n del usuario, que se env\u00eda a Facebook junto con un ID cifrado y la URL visitada por el usuario. Cada usuario de Facebook tiene un ID de Facebook \u00fanico, independientemente del dispositivo utilizado, lo que nos ayuda a controlar a los visitantes cuando acceden a nuestro sitio desde diferentes tipos de dispositivos. Utilizamos estos datos con fines comerciales y, m\u00e1s concretamente, para orientar la publicidad con la plataforma publicitaria de Facebook.<\/p>\n<h5><strong>Bolet\u00edn de noticias :<\/strong><\/h5>\n<p>S\u00f3lo recibir\u00e1 informaci\u00f3n publicitaria a trav\u00e9s de nuestro bolet\u00edn si nos autoriza a utilizar su direcci\u00f3n de correo electr\u00f3nico con este fin. Nuestro sitio o sus filiales nunca le enviar\u00e1n boletines o correos electr\u00f3nicos publicitarios si no se ha suscrito a ellos. Al suscribirse a nuestro bolet\u00edn, puede elegir sus \u00e1reas de inter\u00e9s para recibir correos electr\u00f3nicos relacionados. Utilizamos esta informaci\u00f3n y sus datos personales para enviarle informaci\u00f3n de su inter\u00e9s. Si prefiere darse de baja de nuestro bolet\u00edn o de los correos electr\u00f3nicos publicitarios, puede hacer clic en el enlace para darse de baja que aparece en la parte inferior de nuestros correos electr\u00f3nicos.<\/p>\n<h5>Videovigilancia :<\/h5>\n<p>Les Domaines de Fontenille SAS utiliza la videovigilancia para garantizar la seguridad de las personas y los bienes.<\/p>\n<p>Las im\u00e1genes se conservan durante un mes. No obstante, en caso de incidente relacionado con la seguridad de las personas y los bienes, las im\u00e1genes de videovigilancia pueden extraerse del sistema. A continuaci\u00f3n, se almacenan en otro soporte durante el tiempo necesario para resolver los procedimientos relativos al incidente, y s\u00f3lo pueden acceder a ellas las personas autorizadas.<\/p>\n<p>En caso de incidente, las im\u00e1genes podr\u00e1n ser visualizadas por el personal autorizado del establecimiento en cuesti\u00f3n o de Les Domaines de Fontenille SAS, as\u00ed como por la polic\u00eda. El personal de la empresa responsable del mantenimiento de los equipos tambi\u00e9n podr\u00e1 acceder a las im\u00e1genes con este \u00fanico fin.<\/p>\n<p>Si desea ejercer sus derechos en materia de protecci\u00f3n de datos, en particular su derecho de acceso a las im\u00e1genes que le conciernen, su derecho a solicitar su supresi\u00f3n, su derecho de oposici\u00f3n, o para cualquier informaci\u00f3n sobre este sistema, puede dirigirse por escrito a <strong>privacy@fontenillecollection.com<\/strong> o a la siguiente direcci\u00f3n postal: 9, avenue de l'Op\u00e9ra, 75001 Par\u00eds.<\/p>\n<p>Si, tras ponerse en contacto con nosotros, considera que no se han respetado sus derechos en materia de tratamiento de datos, archivos de datos y libertades individuales o que el dispositivo de v\u00eddeo no cumple las normas de protecci\u00f3n de datos, puede presentar una reclamaci\u00f3n en l\u00ednea a la CNIL o por correo postal.<\/p>\n<h5>Tratamiento de sus datos personales:<\/h5>\n<p>Los datos personales recogidos en el sitio web, a trav\u00e9s de formularios de contacto, por tel\u00e9fono o por cualquier otro medio se tratan de conformidad con el Reglamento (UE) 2016\/679 del Parlamento Europeo y del Consejo, de 27 de abril de 2016, relativo a la protecci\u00f3n de las personas f\u00edsicas en lo que respecta al tratamiento de datos personales y a la libre circulaci\u00f3n de estos datos y la Ley n.\u00ba 78-17, de 6 de enero de 1978, inform\u00e1tica, archivos y libertades, m\u00e1s conocida como Ley de Protecci\u00f3n de Datos.<\/p>\n<p>Las bases jur\u00eddicas para el tratamiento son la obligaci\u00f3n legal, el inter\u00e9s leg\u00edtimo (videovigilancia), el consentimiento (bolet\u00edn informativo) o el contrato (reservas).<\/p>\n<p>Les Domaines de Fontenille SAS no conservar\u00e1 los datos personales del cliente m\u00e1s all\u00e1 del plazo prescrito por las leyes y reglamentos aplicables a los datos personales.<\/p>\n<p>Domaines de Fontenille SAS no transfiere datos con fines de tratamiento, alojamiento o acceso remoto, sin el consentimiento previo por escrito del cliente, fuera de los pa\u00edses de la Uni\u00f3n Europea y de los pa\u00edses reconocidos por la Comisi\u00f3n Europea como pa\u00edses que ofrecen una protecci\u00f3n adecuada en el momento de la transferencia en cuesti\u00f3n. Usted dispone de un derecho de acceso, modificaci\u00f3n, rectificaci\u00f3n, retirada del consentimiento y supresi\u00f3n de los datos que le conciernen (art. 34 de la ley francesa de protecci\u00f3n de datos).<\/p>\n<p>Para ejercer este derecho, dir\u00edjase a: privacy@lesdomainesdefontenille.com<\/p>\n<p><strong>OBLIGACI\u00d3N DE INFORMAR SOBRE EL SISTEMA BLOCTEL<\/strong> (art\u00edculo L223-2 del C\u00f3digo de Consumo franc\u00e9s)<\/p>\n<p>\"Cuando un comerciante recoja datos telef\u00f3nicos de un consumidor, deber\u00e1 informarle de su derecho a inscribirse en la lista de oposici\u00f3n a la comercializaci\u00f3n telef\u00f3nica. Cuando esta informaci\u00f3n se recoja en el momento de celebrar un contrato, el contrato mencionar\u00e1, de forma clara y comprensible, la existencia de este derecho para el consumidor\".<\/p>\n<p>Puede inscribirse gratuitamente en la lista telef\u00f3nica antispam de BLOCTEL.<\/p>\t\t\t\t\t\t\t\t<\/div>\n\t\t\t\t<\/div>\n\t\t\t\t\t<\/div>\n\t\t\t\t<\/div>\n\t\t\t\t<\/div>","protected":false},"excerpt":{"rendered":"<p>Politique de Confidentialit\u00e9 Informations g\u00e9n\u00e9rales : Lorsque vous visitez notre site Internet, diff\u00e9rents types d\u2019informations sont r\u00e9colt\u00e9s dont l\u2019adresse IP depuis laquelle vous acc\u00e9dez au site, la version et le type de navigateur utilis\u00e9s pour acc\u00e9der au site, le syst\u00e8me d\u2019exploitation utilis\u00e9, les domaines et l\u2019heure de la requ\u00eate. Ces informations ne nous permettent pas [&hellip;]<\/p>\n","protected":false},"author":1,"featured_media":0,"parent":0,"menu_order":0,"comment_status":"closed","ping_status":"closed","template":"","meta":{"_acf_changed":false,"iawp_total_views":324,"footnotes":""},"class_list":["post-3","page","type-page","status-publish","hentry"],"acf":[],"yoast_head":"<!-- This site is optimized with the Yoast SEO plugin v27.5 - https:\/\/yoast.com\/product\/yoast-seo-wordpress\/ -->\n<title>RGPD &#8226; Les Bassans<\/title>\n<meta name=\"robots\" content=\"index, follow, max-snippet:-1, max-image-preview:large, max-video-preview:-1\" \/>\n<link rel=\"canonical\" href=\"https:\/\/les-bassans.com\/es\/rgpd\/\" \/>\n<meta property=\"og:locale\" content=\"es_ES\" \/>\n<meta property=\"og:type\" content=\"article\" \/>\n<meta property=\"og:title\" content=\"RGPD &#8226; Les Bassans\" \/>\n<meta property=\"og:description\" content=\"Politique de Confidentialit\u00e9 Informations g\u00e9n\u00e9rales : Lorsque vous visitez notre site Internet, diff\u00e9rents types d\u2019informations sont r\u00e9colt\u00e9s dont l\u2019adresse IP depuis laquelle vous acc\u00e9dez au site, la version et le type de navigateur utilis\u00e9s pour acc\u00e9der au site, le syst\u00e8me d\u2019exploitation utilis\u00e9, les domaines et l\u2019heure de la requ\u00eate. Ces informations ne nous permettent pas [&hellip;]\" \/>\n<meta property=\"og:url\" content=\"https:\/\/les-bassans.com\/es\/rgpd\/\" \/>\n<meta property=\"og:site_name\" content=\"Les Bassans\" \/>\n<meta property=\"article:modified_time\" content=\"2025-04-08T16:37:48+00:00\" \/>\n<meta property=\"og:image\" content=\"https:\/\/les-bassans.com\/wp-content\/uploads\/2025\/04\/les-bassans-hotel-spa-perros-guirec-bretagne-fontenille-collection-logo-officiel-scaled.jpg\" \/>\n\t<meta property=\"og:image:width\" content=\"2560\" \/>\n\t<meta property=\"og:image:height\" content=\"1427\" \/>\n\t<meta property=\"og:image:type\" content=\"image\/jpeg\" \/>\n<meta name=\"twitter:card\" content=\"summary_large_image\" \/>\n<meta name=\"twitter:label1\" content=\"Tiempo de lectura\" \/>\n\t<meta name=\"twitter:data1\" content=\"8 minutos\" \/>\n<script type=\"application\/ld+json\" class=\"yoast-schema-graph\">{\"@context\":\"https:\\\/\\\/schema.org\",\"@graph\":[{\"@type\":\"WebPage\",\"@id\":\"https:\\\/\\\/les-bassans.com\\\/rgpd\\\/\",\"url\":\"https:\\\/\\\/les-bassans.com\\\/rgpd\\\/\",\"name\":\"RGPD &#8226; Les Bassans\",\"isPartOf\":{\"@id\":\"https:\\\/\\\/les-bassans.com\\\/#website\"},\"datePublished\":\"2024-01-29T17:11:30+00:00\",\"dateModified\":\"2025-04-08T16:37:48+00:00\",\"breadcrumb\":{\"@id\":\"https:\\\/\\\/les-bassans.com\\\/rgpd\\\/#breadcrumb\"},\"inLanguage\":\"es\",\"potentialAction\":[{\"@type\":\"ReadAction\",\"target\":[\"https:\\\/\\\/les-bassans.com\\\/rgpd\\\/\"]}]},{\"@type\":\"BreadcrumbList\",\"@id\":\"https:\\\/\\\/les-bassans.com\\\/rgpd\\\/#breadcrumb\",\"itemListElement\":[{\"@type\":\"ListItem\",\"position\":1,\"name\":\"Accueil\",\"item\":\"https:\\\/\\\/les-bassans.com\\\/\"},{\"@type\":\"ListItem\",\"position\":2,\"name\":\"RGPD\"}]},{\"@type\":\"WebSite\",\"@id\":\"https:\\\/\\\/les-bassans.com\\\/#website\",\"url\":\"https:\\\/\\\/les-bassans.com\\\/\",\"name\":\"Les Bassans\",\"description\":\"H\u00f4tel Spa \u00e0 Perros-Guirec et Restaurant vue mer\",\"publisher\":{\"@id\":\"https:\\\/\\\/les-bassans.com\\\/#organization\"},\"potentialAction\":[{\"@type\":\"SearchAction\",\"target\":{\"@type\":\"EntryPoint\",\"urlTemplate\":\"https:\\\/\\\/les-bassans.com\\\/?s={search_term_string}\"},\"query-input\":{\"@type\":\"PropertyValueSpecification\",\"valueRequired\":true,\"valueName\":\"search_term_string\"}}],\"inLanguage\":\"es\"},{\"@type\":\"Organization\",\"@id\":\"https:\\\/\\\/les-bassans.com\\\/#organization\",\"name\":\"Les Bassans\",\"alternateName\":\"Bassans\",\"url\":\"https:\\\/\\\/les-bassans.com\\\/\",\"logo\":{\"@type\":\"ImageObject\",\"inLanguage\":\"es\",\"@id\":\"https:\\\/\\\/les-bassans.com\\\/#\\\/schema\\\/logo\\\/image\\\/\",\"url\":\"https:\\\/\\\/les-bassans.com\\\/wp-content\\\/uploads\\\/2023\\\/05\\\/LesBassans-Logo-Simple.png\",\"contentUrl\":\"https:\\\/\\\/les-bassans.com\\\/wp-content\\\/uploads\\\/2023\\\/05\\\/LesBassans-Logo-Simple.png\",\"width\":850,\"height\":253,\"caption\":\"Les Bassans\"},\"image\":{\"@id\":\"https:\\\/\\\/les-bassans.com\\\/#\\\/schema\\\/logo\\\/image\\\/\"}}]}<\/script>\n<!-- \/ Yoast SEO plugin. -->","yoast_head_json":{"title":"RGPD - Les Bassans","robots":{"index":"index","follow":"follow","max-snippet":"max-snippet:-1","max-image-preview":"max-image-preview:large","max-video-preview":"max-video-preview:-1"},"canonical":"https:\/\/les-bassans.com\/es\/rgpd\/","og_locale":"es_ES","og_type":"article","og_title":"RGPD &#8226; Les Bassans","og_description":"Politique de Confidentialit\u00e9 Informations g\u00e9n\u00e9rales : Lorsque vous visitez notre site Internet, diff\u00e9rents types d\u2019informations sont r\u00e9colt\u00e9s dont l\u2019adresse IP depuis laquelle vous acc\u00e9dez au site, la version et le type de navigateur utilis\u00e9s pour acc\u00e9der au site, le syst\u00e8me d\u2019exploitation utilis\u00e9, les domaines et l\u2019heure de la requ\u00eate. Ces informations ne nous permettent pas [&hellip;]","og_url":"https:\/\/les-bassans.com\/es\/rgpd\/","og_site_name":"Les Bassans","article_modified_time":"2025-04-08T16:37:48+00:00","og_image":[{"width":2560,"height":1427,"url":"https:\/\/les-bassans.com\/wp-content\/uploads\/2025\/04\/les-bassans-hotel-spa-perros-guirec-bretagne-fontenille-collection-logo-officiel-scaled.jpg","type":"image\/jpeg"}],"twitter_card":"summary_large_image","twitter_misc":{"Tiempo de lectura":"8 minutos"},"schema":{"@context":"https:\/\/schema.org","@graph":[{"@type":"WebPage","@id":"https:\/\/les-bassans.com\/rgpd\/","url":"https:\/\/les-bassans.com\/rgpd\/","name":"RGPD - Les Bassans","isPartOf":{"@id":"https:\/\/les-bassans.com\/#website"},"datePublished":"2024-01-29T17:11:30+00:00","dateModified":"2025-04-08T16:37:48+00:00","breadcrumb":{"@id":"https:\/\/les-bassans.com\/rgpd\/#breadcrumb"},"inLanguage":"es","potentialAction":[{"@type":"ReadAction","target":["https:\/\/les-bassans.com\/rgpd\/"]}]},{"@type":"BreadcrumbList","@id":"https:\/\/les-bassans.com\/rgpd\/#breadcrumb","itemListElement":[{"@type":"ListItem","position":1,"name":"Accueil","item":"https:\/\/les-bassans.com\/"},{"@type":"ListItem","position":2,"name":"RGPD"}]},{"@type":"WebSite","@id":"https:\/\/les-bassans.com\/#website","url":"https:\/\/les-bassans.com\/","name":"Les Bassans","description":"Hotel Spa en Perros-Guirec y Restaurante con vistas al mar","publisher":{"@id":"https:\/\/les-bassans.com\/#organization"},"potentialAction":[{"@type":"SearchAction","target":{"@type":"EntryPoint","urlTemplate":"https:\/\/les-bassans.com\/?s={search_term_string}"},"query-input":{"@type":"PropertyValueSpecification","valueRequired":true,"valueName":"search_term_string"}}],"inLanguage":"es"},{"@type":"Organization","@id":"https:\/\/les-bassans.com\/#organization","name":"Les Bassans","alternateName":"Bassans","url":"https:\/\/les-bassans.com\/","logo":{"@type":"ImageObject","inLanguage":"es","@id":"https:\/\/les-bassans.com\/#\/schema\/logo\/image\/","url":"https:\/\/les-bassans.com\/wp-content\/uploads\/2023\/05\/LesBassans-Logo-Simple.png","contentUrl":"https:\/\/les-bassans.com\/wp-content\/uploads\/2023\/05\/LesBassans-Logo-Simple.png","width":850,"height":253,"caption":"Les Bassans"},"image":{"@id":"https:\/\/les-bassans.com\/#\/schema\/logo\/image\/"}}]}},"_links":{"self":[{"href":"https:\/\/les-bassans.com\/es\/wp-json\/wp\/v2\/pages\/3","targetHints":{"allow":["GET"]}}],"collection":[{"href":"https:\/\/les-bassans.com\/es\/wp-json\/wp\/v2\/pages"}],"about":[{"href":"https:\/\/les-bassans.com\/es\/wp-json\/wp\/v2\/types\/page"}],"author":[{"embeddable":true,"href":"https:\/\/les-bassans.com\/es\/wp-json\/wp\/v2\/users\/1"}],"replies":[{"embeddable":true,"href":"https:\/\/les-bassans.com\/es\/wp-json\/wp\/v2\/comments?post=3"}],"version-history":[{"count":7,"href":"https:\/\/les-bassans.com\/es\/wp-json\/wp\/v2\/pages\/3\/revisions"}],"predecessor-version":[{"id":27835,"href":"https:\/\/les-bassans.com\/es\/wp-json\/wp\/v2\/pages\/3\/revisions\/27835"}],"wp:attachment":[{"href":"https:\/\/les-bassans.com\/es\/wp-json\/wp\/v2\/media?parent=3"}],"curies":[{"name":"wp","href":"https:\/\/api.w.org\/{rel}","templated":true}]}}