{"id":3,"date":"2024-01-29T17:11:30","date_gmt":"2024-01-29T17:11:30","guid":{"rendered":"https:\/\/les-bassans.com\/?page_id=3"},"modified":"2025-04-08T16:37:48","modified_gmt":"2025-04-08T16:37:48","slug":"rgpd","status":"publish","type":"page","link":"https:\/\/les-bassans.com\/de\/rgpd\/","title":{"rendered":"DSGVO"},"content":{"rendered":"<div data-elementor-type=\"wp-page\" data-elementor-id=\"3\" class=\"elementor elementor-3\" data-elementor-settings=\"{&quot;asli_hide_title_disabled&quot;:&quot;yes&quot;}\" data-elementor-post-type=\"page\">\n\t\t\t\t<div class=\"elementor-element elementor-element-688f3c6b e-flex e-con-boxed pt-xlarge px-gutters-horizontal e-con e-parent\" data-id=\"688f3c6b\" data-element_type=\"container\" data-e-type=\"container\" data-settings=\"{&quot;background_background&quot;:&quot;classic&quot;}\">\n\t\t\t\t\t<div class=\"e-con-inner\">\n\t\t\t\t<div class=\"elementor-element elementor-element-6d75f2e7 elementor-widget elementor-widget-text-editor\" data-id=\"6d75f2e7\" data-element_type=\"widget\" data-e-type=\"widget\" data-widget_type=\"text-editor.default\">\n\t\t\t\t<div class=\"elementor-widget-container\">\n\t\t\t\t\t\t\t\t\t<h2>Datenschutzrichtlinie<\/h2>\n<p><!-- \/wp:heading --><!-- wp:paragraph --><\/p>\n<h5><strong>Allgemeine Informationen :<\/strong><\/h5>\n<p>Wenn Sie unsere Website besuchen, werden verschiedene Arten von Informationen gesammelt, darunter die IP-Adresse, von der aus Sie auf die Website zugreifen, die Version und der Typ des Browsers, mit dem Sie auf die Website zugreifen, das verwendete Betriebssystem, die Domains und die Uhrzeit der Anfrage. Diese Informationen erm\u00f6glichen es uns nicht, die Identit\u00e4t des Nutzers zu identifizieren, und das ist auch nicht unser Ziel. Wir verwenden die gesammelten Informationen ausschlie\u00dflich zu statistischen Zwecken, die es uns vor allem erm\u00f6glichen, den Inhalt und die Darstellung unserer Website zu verbessern. Bitte beachten Sie, dass wir zus\u00e4tzliche Daten wie Name, Post- und E-Mail-Adressen und Telefonnummern sammeln k\u00f6nnen, die Sie uns freiwillig zur Verf\u00fcgung stellen, wenn Sie auf unserer Website surfen. Sie k\u00f6nnen auch unter Verwendung eines Pseudonyms oder anonymisierter Daten bezahlen und unsere Dienste in Anspruch nehmen, ohne uns die oben genannten personenbezogenen Daten mitzuteilen.<\/p>\n<h5><strong>Cookies :<\/strong><\/h5>\n<p>Diese Website verwendet Cookies, um Daten zu sammeln, die f\u00fcr statistische Zwecke verwendet werden. Cookies sind kleine Dateien, die auf der Festplatte Ihres Computers gespeichert werden; wenn Sie auf unserer Website surfen, \u00fcberwachen sie Ihre Aktivit\u00e4ten und liefern uns so Schl\u00fcsseldaten, mit denen wir Ihnen die Navigation erleichtern k\u00f6nnen. Wenn Cookies auf Ihrem Computer gespeichert sind, m\u00fcssen Sie nicht jedes Mal, wenn Sie diese Website besuchen, alle f\u00fcr den Zugriff auf diese Website erforderlichen Daten eingeben. Diese Daten erm\u00f6glichen es uns, unsere Website an Ihren Geschmack und Ihre Bed\u00fcrfnisse anzupassen; dies ist Teil unserer Bem\u00fchungen, Ihnen einen reibungslosen Zugang zu unseren Seiten und Diensten zu erm\u00f6glichen. Wenn Sie nicht m\u00f6chten, dass Cookies auf Ihrem Computer gespeichert werden, k\u00f6nnen Sie mithilfe der Browsereinstellungen die Cookies von unserer Seite blockieren. Um zu erfahren, wie Sie Ihren Browser bez\u00fcglich der Verwaltung von Cookies konfigurieren, besuchen Sie bitte das Hilfecenter Ihres Browsers. Sie k\u00f6nnen bereits auf Ihrem Computer gespeicherte Cookies l\u00f6schen, wenn Sie dies w\u00fcnschen. Bitte beachten Sie, dass das Blockieren von Cookies den Zugriff auf bestimmte Funktionen unserer Website einschr\u00e4nken und zu einer geringeren Benutzerfreundlichkeit f\u00fchren kann.<\/p>\n<h5><strong>Weitergabe von Daten an Dritte :<\/strong><\/h5>\n<p>Sofern in dieser Erkl\u00e4rung nicht anders angegeben, werden alle Daten, die Sie mit uns teilen oder die wir von Ihnen erheben, wenn Sie auf unserer Website surfen, geheim gehalten und nicht an Dritte weitergegeben, es sei denn, dies ist gesetzlich vorgeschrieben oder die Daten m\u00fcssen zum Zweck der Erf\u00fcllung des Vertragsverh\u00e4ltnisses, das Sie eingegangen sind, weitergegeben werden. Dritte Unternehmen und Partner, darunter Online-Zahlungsunternehmen, haben nur dann Zugang zu diesen Daten, wenn dies f\u00fcr die Bearbeitung Ihrer Bestellung erforderlich ist. In diesen F\u00e4llen stellen wir sicher, dass der Rahmen der Daten\u00fcbermittlung auf dem vereinbarten wesentlichen Minimum gehalten wird. Wir schreiben au\u00dferdem eine strenge Datenschutzrichtlinie f\u00fcr personenbezogene Daten vor, die Sie uns zur Verf\u00fcgung stellen oder die wir finden. Indem wir diese Richtlinien befolgen, halten wir uns an die Bestimmungen der Datenschutzgesetze. Bitte beachten Sie, dass wir nicht f\u00fcr Daten verantwortlich sind, die Sie an andere Dienstleister weitergeben. Wir ergreifen lediglich Ma\u00dfnahmen, um sicherzustellen, dass alle Daten \u00fcber Sie, die von anderen Dienstleistern weitergegeben werden, in \u00dcbereinstimmung mit den Anforderungen der Datenschutz- und Privatsph\u00e4regesetze weitergegeben werden, wie sie in unserer Datenschutzrichtlinie aufgef\u00fchrt sind.<\/p>\n<h5><strong>Google Analytics :<\/strong><\/h5>\n<p>Diese Website benutzt Google Analytics, einen von Google betriebenen Analysedienst, der Websites dabei hilft, zu verstehen, wie sie ihre Seiten personalisieren k\u00f6nnen, um die Nutzererfahrung zu verbessern. Dieser Dienst verwendet Cookies, um Ihre Aktionen zu verfolgen, einschlie\u00dflich der Zeit, die Sie auf unserer Website verbringen, und der Seiten, die Sie besuchen. Bitte beachten Sie, dass durch die Nutzung unseres Google Analytics-Kontos keine Ihrer pers\u00f6nlichen Daten erfasst werden, sodass wir nicht feststellen k\u00f6nnen, wer unsere Website besucht. Weitere Informationen zu Google Analytics finden Sie auf der offiziellen Seite.<\/p>\n<h5><strong>Google Adwords Remarketing :<\/strong><\/h5>\n<p>Wir verwenden Google AdWords Remarketing f\u00fcr Werbezwecke im Internet. Mithilfe des AdWords Remarketing-Programms werden relevante Werbeanzeigen angezeigt, die auf den von Ihnen besuchten Seiten der Website basieren. Diese Informationen werden \u00fcber ein Cookie gesammelt, das auf Ihrem Computer abgelegt wird. DIESES COOKIE WIRD KEINE PERS\u00d6NLICHEN DATEN IDENTIFIZIEREN UND KEINEN ZUGRIFF AUF IHREN COMPUTER GEW\u00c4HREN. Mithilfe des Remarketing-Programms von Google AdWords k\u00f6nnen wir unsere Marketingma\u00dfnahmen auf Ihre Bed\u00fcrfnisse zuschneiden und nur Werbung anzeigen, die Sie wahrscheinlich ansprechen.<\/p>\n<p>Facebook: Custom Audience Pixel (personalisierte Zielgruppe auf deiner Website) :<\/p>\n<p>Ein Facebook-Pixel f\u00fcr Custom Audience ist ein St\u00fcck JavaScript-Code, das auf jeder Seite deiner Website installiert wird und nutzerdefinierte Daten sammelt und an das Marketingprogramm von Facebook weiterleitet. Wir nutzen diesen Dienst, um Daten zu sammeln, die mit dem Verhalten der Nutzer auf unserer Seite zusammenh\u00e4ngen. Zu den von dem Pixel gesammelten Informationen geh\u00f6rt die Browsersitzung des Nutzers, die zusammen mit einer gehashten ID und der vom Nutzer besuchten URL an Facebook gesendet wird. Jeder Facebook-Nutzer hat unabh\u00e4ngig vom verwendeten Ger\u00e4t eine eindeutige Facebook-ID, die uns dabei hilft, Besucher zu \u00fcberwachen, wenn sie von verschiedenen Ger\u00e4tetypen aus auf unsere Seite zugreifen. Wir verwenden diese Daten zu kommerziellen Zwecken und insbesondere zur gezielten Ausrichtung von Werbeanzeigen mit der Facebook-Werbeplattform.<\/p>\n<h5><strong>Newsletter :<\/strong><\/h5>\n<p>Sie werden nur dann Werbeinformationen \u00fcber unseren Newsletter erhalten, wenn Sie uns erlauben, Ihre E-Mail-Adresse zu diesem Zweck zu verwenden. Unsere Website oder ihre Tochtergesellschaften werden Ihnen niemals Newsletter oder E-Mails mit Werbecharakter zusenden, wenn Sie sich nicht daf\u00fcr angemeldet haben. Wenn Sie sich f\u00fcr unseren Newsletter anmelden, k\u00f6nnen Sie Ihre Interessengebiete ausw\u00e4hlen, um die damit verbundenen E-Mails zu erhalten. Wir verwenden diese Angaben zusammen mit Ihren pers\u00f6nlichen Daten, um Ihnen Informationen zu senden, die f\u00fcr Sie von Interesse sind. Wenn Sie sich lieber von unserem Newsletter oder unseren Werbe-E-Mails abmelden m\u00f6chten, k\u00f6nnen Sie auf den Abmeldelink am Ende unserer E-Mails klicken.<\/p>\n<h5>Video\u00fcberwachung :<\/h5>\n<p>Die Etablissements werden von Les Domaines de Fontenille SAS zur Sicherheit von Personen und G\u00fctern video\u00fcberwacht.<\/p>\n<p>Die Bilder werden einen Monat lang aufbewahrt. Im Falle eines Vorfalls im Zusammenhang mit der Sicherheit von Personen und G\u00fctern k\u00f6nnen die Bilder der Video\u00fcberwachung dennoch aus dem System extrahiert werden. Sie werden dann f\u00fcr die Dauer der Abwicklung der mit diesem Vorfall verbundenen Verfahren auf einem anderen Datentr\u00e4ger aufbewahrt und nur den in diesem Rahmen befugten Personen zug\u00e4nglich gemacht.<\/p>\n<p>Die Bilder k\u00f6nnen im Falle eines Vorfalls von autorisiertem Personal der betreffenden Einrichtung oder des Unternehmens Les Domaines de Fontenille SAS und von den Ordnungskr\u00e4ften eingesehen werden. Das Personal des Unternehmens, das f\u00fcr die Wartung der Ger\u00e4te zust\u00e4ndig ist, kann ebenfalls auf die Bilder zugreifen, jedoch nur zu diesem Zweck.<\/p>\n<p>Um Ihre Rechte im Bereich Informatik und Freiheitsrechte auszu\u00fcben, insbesondere Ihr Recht auf Zugang zu den Bildern, die Sie betreffen, Ihr Recht, deren L\u00f6schung zu verlangen, Ihr Widerspruchsrecht oder Informationen \u00fcber diese Einrichtung, k\u00f6nnen Sie sich schriftlich an uns wenden unter <strong>privacy@fontenillecollection.com<\/strong> oder an die folgende Postanschrift: 9, avenue de l'Op\u00e9ra, 75001 Paris.<\/p>\n<p>Wenn Sie, nachdem Sie sich mit uns in Verbindung gesetzt haben, der Meinung sind, dass Ihre Datenschutzrechte nicht eingehalten werden oder dass die Videoeinrichtung nicht den Datenschutzbestimmungen entspricht, k\u00f6nnen Sie online bei der CNIL oder per Post eine Beschwerde einreichen.<\/p>\n<h5>Verarbeitung Ihrer pers\u00f6nlichen Daten :<\/h5>\n<p>Pers\u00f6nliche Daten, die auf der Website, \u00fcber Kontaktformulare, telefonisch oder auf andere Weise erhoben werden, werden in \u00dcbereinstimmung mit der Verordnung (EU) 2016\/679 des Europ\u00e4ischen Parlaments und des Rates vom 27. April 2016 zum Schutz nat\u00fcrlicher Personen bei der Verarbeitung personenbezogener Daten und zum freien Datenverkehr und dem Gesetz Nr. 78-17 vom 6. Januar 1978 \u00fcber Informatik, Dateien und Freiheiten, besser bekannt als das Gesetz \u00fcber Informatik und Freiheitsrechte, verarbeitet.<\/p>\n<p>Die Rechtsgrundlagen f\u00fcr die Verarbeitung sind die gesetzliche Verpflichtung, das berechtigte Interesse (Video\u00fcberwachung), die Einwilligung (Newsletter) oder der Vertrag (Buchungen).<\/p>\n<p>Les Domaines de Fontenille SAS wird die personenbezogenen Daten des Kunden nicht l\u00e4nger aufbewahren, als es die Gesetze und Verordnungen, die auf personenbezogene Daten anwendbar sind, vorschreiben.<\/p>\n<p>Les Domaines de Fontenille SAS f\u00fchrt ohne die vorherige schriftliche Zustimmung des Kunden keine \u00dcbertragung zum Zwecke der Verarbeitung, des Hostings oder der Gew\u00e4hrung eines Fernzugriffs au\u00dferhalb der L\u00e4nder der Europ\u00e4ischen Union und der L\u00e4nder durch, die von der Europ\u00e4ischen Kommission zum Zeitpunkt der betreffenden \u00dcbertragung als L\u00e4nder anerkannt sind, die einen angemessenen Schutz gew\u00e4hrleisten. Sie haben das Recht, auf die Sie betreffenden Daten zuzugreifen, sie zu \u00e4ndern, zu berichtigen, die Zustimmung zu widerrufen und sie zu l\u00f6schen (Art. 34 des Gesetzes \"Informatique et Libert\u00e9s\").<\/p>\n<p>Um dieses Recht auszu\u00fcben, wenden Sie sich bitte an: privacy@lesdomainesdefontenille.com<\/p>\n<p><strong>INFORMATIONSPFLICHT \u00dcBER DAS BLOCKTEL-SYSTEM<\/strong> (Art. L223-2 des Verbrauchergesetzbuches)<\/p>\n<p>\"Wenn ein Gewerbetreibender bei einem Verbraucher Telefondaten erheben muss, informiert er ihn \u00fcber sein Recht, sich in die Widerspruchsliste gegen Telefonwerbung einzutragen. Erfolgt diese Informationssammlung anl\u00e4sslich des Abschlusses eines Vertrags, so wird in dem Vertrag klar und verst\u00e4ndlich auf das Bestehen dieses Rechts f\u00fcr den Verbraucher hingewiesen.\"<\/p>\n<p>Sie k\u00f6nnen sich kostenlos in die Widerspruchsliste gegen Telefonwerbung namens BLOCTEL eintragen.<\/p>\t\t\t\t\t\t\t\t<\/div>\n\t\t\t\t<\/div>\n\t\t\t\t\t<\/div>\n\t\t\t\t<\/div>\n\t\t\t\t<\/div>","protected":false},"excerpt":{"rendered":"<p>Politique de Confidentialit\u00e9 Informations g\u00e9n\u00e9rales : Lorsque vous visitez notre site Internet, diff\u00e9rents types d\u2019informations sont r\u00e9colt\u00e9s dont l\u2019adresse IP depuis laquelle vous acc\u00e9dez au site, la version et le type de navigateur utilis\u00e9s pour acc\u00e9der au site, le syst\u00e8me d\u2019exploitation utilis\u00e9, les domaines et l\u2019heure de la requ\u00eate. Ces informations ne nous permettent pas [&hellip;]<\/p>\n","protected":false},"author":1,"featured_media":0,"parent":0,"menu_order":0,"comment_status":"closed","ping_status":"closed","template":"","meta":{"_acf_changed":false,"iawp_total_views":324,"footnotes":""},"class_list":["post-3","page","type-page","status-publish","hentry"],"acf":[],"yoast_head":"<!-- This site is optimized with the Yoast SEO plugin v27.5 - https:\/\/yoast.com\/product\/yoast-seo-wordpress\/ -->\n<title>RGPD &#8226; Les Bassans<\/title>\n<meta name=\"robots\" content=\"index, follow, max-snippet:-1, max-image-preview:large, max-video-preview:-1\" \/>\n<link rel=\"canonical\" href=\"https:\/\/les-bassans.com\/de\/rgpd\/\" \/>\n<meta property=\"og:locale\" content=\"de_DE\" \/>\n<meta property=\"og:type\" content=\"article\" \/>\n<meta property=\"og:title\" content=\"RGPD &#8226; Les Bassans\" \/>\n<meta property=\"og:description\" content=\"Politique de Confidentialit\u00e9 Informations g\u00e9n\u00e9rales : Lorsque vous visitez notre site Internet, diff\u00e9rents types d\u2019informations sont r\u00e9colt\u00e9s dont l\u2019adresse IP depuis laquelle vous acc\u00e9dez au site, la version et le type de navigateur utilis\u00e9s pour acc\u00e9der au site, le syst\u00e8me d\u2019exploitation utilis\u00e9, les domaines et l\u2019heure de la requ\u00eate. Ces informations ne nous permettent pas [&hellip;]\" \/>\n<meta property=\"og:url\" content=\"https:\/\/les-bassans.com\/de\/rgpd\/\" \/>\n<meta property=\"og:site_name\" content=\"Les Bassans\" \/>\n<meta property=\"article:modified_time\" content=\"2025-04-08T16:37:48+00:00\" \/>\n<meta property=\"og:image\" content=\"https:\/\/les-bassans.com\/wp-content\/uploads\/2025\/04\/les-bassans-hotel-spa-perros-guirec-bretagne-fontenille-collection-logo-officiel-scaled.jpg\" \/>\n\t<meta property=\"og:image:width\" content=\"2560\" \/>\n\t<meta property=\"og:image:height\" content=\"1427\" \/>\n\t<meta property=\"og:image:type\" content=\"image\/jpeg\" \/>\n<meta name=\"twitter:card\" content=\"summary_large_image\" \/>\n<meta name=\"twitter:label1\" content=\"Gesch\u00e4tzte Lesezeit\" \/>\n\t<meta name=\"twitter:data1\" content=\"8\u00a0Minuten\" \/>\n<script type=\"application\/ld+json\" class=\"yoast-schema-graph\">{\"@context\":\"https:\\\/\\\/schema.org\",\"@graph\":[{\"@type\":\"WebPage\",\"@id\":\"https:\\\/\\\/les-bassans.com\\\/rgpd\\\/\",\"url\":\"https:\\\/\\\/les-bassans.com\\\/rgpd\\\/\",\"name\":\"RGPD &#8226; Les Bassans\",\"isPartOf\":{\"@id\":\"https:\\\/\\\/les-bassans.com\\\/#website\"},\"datePublished\":\"2024-01-29T17:11:30+00:00\",\"dateModified\":\"2025-04-08T16:37:48+00:00\",\"breadcrumb\":{\"@id\":\"https:\\\/\\\/les-bassans.com\\\/rgpd\\\/#breadcrumb\"},\"inLanguage\":\"de\",\"potentialAction\":[{\"@type\":\"ReadAction\",\"target\":[\"https:\\\/\\\/les-bassans.com\\\/rgpd\\\/\"]}]},{\"@type\":\"BreadcrumbList\",\"@id\":\"https:\\\/\\\/les-bassans.com\\\/rgpd\\\/#breadcrumb\",\"itemListElement\":[{\"@type\":\"ListItem\",\"position\":1,\"name\":\"Accueil\",\"item\":\"https:\\\/\\\/les-bassans.com\\\/\"},{\"@type\":\"ListItem\",\"position\":2,\"name\":\"RGPD\"}]},{\"@type\":\"WebSite\",\"@id\":\"https:\\\/\\\/les-bassans.com\\\/#website\",\"url\":\"https:\\\/\\\/les-bassans.com\\\/\",\"name\":\"Les Bassans\",\"description\":\"H\u00f4tel Spa \u00e0 Perros-Guirec et Restaurant vue mer\",\"publisher\":{\"@id\":\"https:\\\/\\\/les-bassans.com\\\/#organization\"},\"potentialAction\":[{\"@type\":\"SearchAction\",\"target\":{\"@type\":\"EntryPoint\",\"urlTemplate\":\"https:\\\/\\\/les-bassans.com\\\/?s={search_term_string}\"},\"query-input\":{\"@type\":\"PropertyValueSpecification\",\"valueRequired\":true,\"valueName\":\"search_term_string\"}}],\"inLanguage\":\"de\"},{\"@type\":\"Organization\",\"@id\":\"https:\\\/\\\/les-bassans.com\\\/#organization\",\"name\":\"Les Bassans\",\"alternateName\":\"Bassans\",\"url\":\"https:\\\/\\\/les-bassans.com\\\/\",\"logo\":{\"@type\":\"ImageObject\",\"inLanguage\":\"de\",\"@id\":\"https:\\\/\\\/les-bassans.com\\\/#\\\/schema\\\/logo\\\/image\\\/\",\"url\":\"https:\\\/\\\/les-bassans.com\\\/wp-content\\\/uploads\\\/2023\\\/05\\\/LesBassans-Logo-Simple.png\",\"contentUrl\":\"https:\\\/\\\/les-bassans.com\\\/wp-content\\\/uploads\\\/2023\\\/05\\\/LesBassans-Logo-Simple.png\",\"width\":850,\"height\":253,\"caption\":\"Les Bassans\"},\"image\":{\"@id\":\"https:\\\/\\\/les-bassans.com\\\/#\\\/schema\\\/logo\\\/image\\\/\"}}]}<\/script>\n<!-- \/ Yoast SEO plugin. -->","yoast_head_json":{"title":"DSGVO - Les Bassans","robots":{"index":"index","follow":"follow","max-snippet":"max-snippet:-1","max-image-preview":"max-image-preview:large","max-video-preview":"max-video-preview:-1"},"canonical":"https:\/\/les-bassans.com\/de\/rgpd\/","og_locale":"de_DE","og_type":"article","og_title":"RGPD &#8226; Les Bassans","og_description":"Politique de Confidentialit\u00e9 Informations g\u00e9n\u00e9rales : Lorsque vous visitez notre site Internet, diff\u00e9rents types d\u2019informations sont r\u00e9colt\u00e9s dont l\u2019adresse IP depuis laquelle vous acc\u00e9dez au site, la version et le type de navigateur utilis\u00e9s pour acc\u00e9der au site, le syst\u00e8me d\u2019exploitation utilis\u00e9, les domaines et l\u2019heure de la requ\u00eate. Ces informations ne nous permettent pas [&hellip;]","og_url":"https:\/\/les-bassans.com\/de\/rgpd\/","og_site_name":"Les Bassans","article_modified_time":"2025-04-08T16:37:48+00:00","og_image":[{"width":2560,"height":1427,"url":"https:\/\/les-bassans.com\/wp-content\/uploads\/2025\/04\/les-bassans-hotel-spa-perros-guirec-bretagne-fontenille-collection-logo-officiel-scaled.jpg","type":"image\/jpeg"}],"twitter_card":"summary_large_image","twitter_misc":{"Gesch\u00e4tzte Lesezeit":"8\u00a0Minuten"},"schema":{"@context":"https:\/\/schema.org","@graph":[{"@type":"WebPage","@id":"https:\/\/les-bassans.com\/rgpd\/","url":"https:\/\/les-bassans.com\/rgpd\/","name":"DSGVO - Les Bassans","isPartOf":{"@id":"https:\/\/les-bassans.com\/#website"},"datePublished":"2024-01-29T17:11:30+00:00","dateModified":"2025-04-08T16:37:48+00:00","breadcrumb":{"@id":"https:\/\/les-bassans.com\/rgpd\/#breadcrumb"},"inLanguage":"de","potentialAction":[{"@type":"ReadAction","target":["https:\/\/les-bassans.com\/rgpd\/"]}]},{"@type":"BreadcrumbList","@id":"https:\/\/les-bassans.com\/rgpd\/#breadcrumb","itemListElement":[{"@type":"ListItem","position":1,"name":"Accueil","item":"https:\/\/les-bassans.com\/"},{"@type":"ListItem","position":2,"name":"RGPD"}]},{"@type":"WebSite","@id":"https:\/\/les-bassans.com\/#website","url":"https:\/\/les-bassans.com\/","name":"Die Bassans","description":"Spa-Hotel in Perros-Guirec und Restaurant mit Meerblick","publisher":{"@id":"https:\/\/les-bassans.com\/#organization"},"potentialAction":[{"@type":"SearchAction","target":{"@type":"EntryPoint","urlTemplate":"https:\/\/les-bassans.com\/?s={search_term_string}"},"query-input":{"@type":"PropertyValueSpecification","valueRequired":true,"valueName":"search_term_string"}}],"inLanguage":"de"},{"@type":"Organization","@id":"https:\/\/les-bassans.com\/#organization","name":"Die Bassans","alternateName":"Bassans","url":"https:\/\/les-bassans.com\/","logo":{"@type":"ImageObject","inLanguage":"de","@id":"https:\/\/les-bassans.com\/#\/schema\/logo\/image\/","url":"https:\/\/les-bassans.com\/wp-content\/uploads\/2023\/05\/LesBassans-Logo-Simple.png","contentUrl":"https:\/\/les-bassans.com\/wp-content\/uploads\/2023\/05\/LesBassans-Logo-Simple.png","width":850,"height":253,"caption":"Les Bassans"},"image":{"@id":"https:\/\/les-bassans.com\/#\/schema\/logo\/image\/"}}]}},"_links":{"self":[{"href":"https:\/\/les-bassans.com\/de\/wp-json\/wp\/v2\/pages\/3","targetHints":{"allow":["GET"]}}],"collection":[{"href":"https:\/\/les-bassans.com\/de\/wp-json\/wp\/v2\/pages"}],"about":[{"href":"https:\/\/les-bassans.com\/de\/wp-json\/wp\/v2\/types\/page"}],"author":[{"embeddable":true,"href":"https:\/\/les-bassans.com\/de\/wp-json\/wp\/v2\/users\/1"}],"replies":[{"embeddable":true,"href":"https:\/\/les-bassans.com\/de\/wp-json\/wp\/v2\/comments?post=3"}],"version-history":[{"count":7,"href":"https:\/\/les-bassans.com\/de\/wp-json\/wp\/v2\/pages\/3\/revisions"}],"predecessor-version":[{"id":27835,"href":"https:\/\/les-bassans.com\/de\/wp-json\/wp\/v2\/pages\/3\/revisions\/27835"}],"wp:attachment":[{"href":"https:\/\/les-bassans.com\/de\/wp-json\/wp\/v2\/media?parent=3"}],"curies":[{"name":"wp","href":"https:\/\/api.w.org\/{rel}","templated":true}]}}