{"id":27295,"date":"2025-04-02T15:10:08","date_gmt":"2025-04-02T15:10:08","guid":{"rendered":"https:\/\/les-bassans.com\/?page_id=27295"},"modified":"2026-03-20T19:41:15","modified_gmt":"2026-03-20T19:41:15","slug":"rechtliche-hinweise","status":"publish","type":"page","link":"https:\/\/les-bassans.com\/de\/rechtliche-hinweise\/","title":{"rendered":"Rechtliche Hinweise"},"content":{"rendered":"<div data-elementor-type=\"wp-page\" data-elementor-id=\"27295\" class=\"elementor elementor-27295\" data-elementor-settings=\"{&quot;asli_hide_title_disabled&quot;:&quot;yes&quot;}\" data-elementor-post-type=\"page\">\n\t\t\t\t<div class=\"elementor-element elementor-element-688f3c6b e-flex e-con-boxed pt-xlarge px-gutters-horizontal e-con e-parent\" data-id=\"688f3c6b\" data-element_type=\"container\" data-e-type=\"container\" data-settings=\"{&quot;background_background&quot;:&quot;classic&quot;}\">\n\t\t\t\t\t<div class=\"e-con-inner\">\n\t\t\t\t<div class=\"elementor-element elementor-element-6d75f2e7 elementor-widget elementor-widget-text-editor\" data-id=\"6d75f2e7\" data-element_type=\"widget\" data-e-type=\"widget\" data-widget_type=\"text-editor.default\">\n\t\t\t\t<div class=\"elementor-widget-container\">\n\t\t\t\t\t\t\t\t\t<p><\/p>\n<h2 class=\"wp-block-heading\">Rechtliche Hinweise<\/h2>\n<p><\/p>\n<p><b>Unsere Website: https:les-bassans.com<\/b><\/p>\n<p><\/p>\n<p><strong>Gesellschaft :<\/strong> Les Domaines de Fontenille SAS<\/p>\n<p><strong>Hauptsitz : <\/strong>Domaine de Fontenille 84360 Lauris<\/p>\n<p>Kontaktadresse und Zweitniederlassung: 9 avenue de l'Op\u00e9ra 75001 Paris<\/p>\n<p>contact@fontenillecollection.com<\/p>\n<p><strong>SIRENE<\/strong> <strong>:<\/strong> 798 361 184<\/p>\n<p><strong>MEHRWERTSTEUER<\/strong> <strong>:<\/strong> FR13 798361184<\/p>\n<p><strong>Gesellschaftskapital<\/strong> <strong>:<\/strong> 94 626 400 EUR<\/p>\n<p><strong>Zweck der Seite<\/strong> <strong>:<\/strong> Werbung f\u00fcr die Einrichtung<\/p>\n<p><strong>Leiter der Ver\u00f6ffentlichung :<\/strong> Fr\u00e9d\u00e9ric Biousse<\/p>\n<p><strong>Redaktionelle Verantwortung :<\/strong> Fr\u00e9d\u00e9ric Biousse<\/p>\n<p><strong>Konzeption &amp; Umsetzung der Website:<\/strong> Fontenille Kollektion<\/p>\n<p><strong>Hosting :<\/strong> O2SWITCH, Soci\u00e9t\u00e9 par Actions Simplifi\u00e9es, eingetragen im Handelsregister von Clermont-Ferrand.<\/p>\n<p><strong style=\"font-size: clamp(1rem, 0.9712rem + 0.1282vw, 1.125rem);\">Eigent\u00fcmer der Fotografien, Bilder und Texte :<\/strong><span style=\"font-size: clamp(1rem, 0.9712rem + 0.1282vw, 1.125rem);\"> Les Domaines de Fontenille SAS<\/span><\/p>\n<p><strong>Die Seite pr\u00e4sentiert :<\/strong> des informativen Inhalts<\/p>\n<p><strong>Online-Erhebung pers\u00f6nlicher Daten :<\/strong> siehe Abschnitt Datenschutzrichtlinie.<\/p>\n<p><strong>Computer- und Freiheitsgesetz :<\/strong> Die Website wurde bei der Commission Nationale Informatique et Libert\u00e9 (Nationale Kommission f\u00fcr Informatik und Freiheit) angemeldet. Sie haben das Recht, auf die Sie betreffenden Daten zuzugreifen, sie zu \u00e4ndern, zu berichtigen und zu l\u00f6schen (Art. 34 des Gesetzes \"Informatique et Libert\u00e9s\"). Um dieses Recht auszu\u00fcben, wenden Sie sich bitte an: contact@fontenillecollection.com<\/p>\n<p><strong>Eigentum :<\/strong> Die Website und die darin enthaltenen Informationen sind durch das franz\u00f6sische Gesetz \u00fcber geistiges Eigentum und internationale Abkommen gesch\u00fctzt. Au\u00dferhalb der Nutzung <strong>in<\/strong> Der Familienkreis oder private Gebrauch, die Website und keiner ihrer Inhalte d\u00fcrfen ohne vorherige Genehmigung der Rechteinhaber reproduziert, neu ver\u00f6ffentlicht, \u00fcbertragen, modifiziert oder weitergeleitet werden.<\/p>\n<p><\/p>\n<p>\u00a0<\/p>\t\t\t\t\t\t\t\t<\/div>\n\t\t\t\t<\/div>\n\t\t\t\t\t<\/div>\n\t\t\t\t<\/div>\n\t\t\t\t<\/div>","protected":false},"excerpt":{"rendered":"<p>Mentions L\u00e9gales Notre site web : https:les-bassans.com Soci\u00e9t\u00e9 : Les Domaines de Fontenille SAS Si\u00e8ge social : Domaine de Fontenille 84360 Lauris Adresse de contact et \u00e9tablissement secondaire : 9 avenue de l\u2019Op\u00e9ra 75001 Paris contact@fontenillecollection.com SIREN : 798 361 184 TVA : FR13 798361184 Capital social : 94 626 400 EUR Objet du site [&hellip;]<\/p>\n","protected":false},"author":1,"featured_media":0,"parent":0,"menu_order":0,"comment_status":"closed","ping_status":"closed","template":"","meta":{"_acf_changed":false,"iawp_total_views":241,"footnotes":""},"class_list":["post-27295","page","type-page","status-publish","hentry"],"acf":[],"yoast_head":"<!-- This site is optimized with the Yoast SEO plugin v27.5 - https:\/\/yoast.com\/product\/yoast-seo-wordpress\/ -->\n<title>Mentions L\u00e9gales &#8226; Les Bassans<\/title>\n<meta name=\"robots\" content=\"index, follow, max-snippet:-1, max-image-preview:large, max-video-preview:-1\" \/>\n<link rel=\"canonical\" href=\"https:\/\/les-bassans.com\/de\/rechtliche-hinweise\/\" \/>\n<meta property=\"og:locale\" content=\"de_DE\" \/>\n<meta property=\"og:type\" content=\"article\" \/>\n<meta property=\"og:title\" content=\"Mentions L\u00e9gales &#8226; Les Bassans\" \/>\n<meta property=\"og:description\" content=\"Mentions L\u00e9gales Notre site web : https:les-bassans.com Soci\u00e9t\u00e9 : Les Domaines de Fontenille SAS Si\u00e8ge social : Domaine de Fontenille 84360 Lauris Adresse de contact et \u00e9tablissement secondaire : 9 avenue de l\u2019Op\u00e9ra 75001 Paris contact@fontenillecollection.com SIREN : 798 361 184 TVA : FR13 798361184 Capital social : 94 626 400 EUR Objet du site [&hellip;]\" \/>\n<meta property=\"og:url\" content=\"https:\/\/les-bassans.com\/de\/rechtliche-hinweise\/\" \/>\n<meta property=\"og:site_name\" content=\"Les Bassans\" \/>\n<meta property=\"article:modified_time\" content=\"2026-03-20T19:41:15+00:00\" \/>\n<meta property=\"og:image\" content=\"https:\/\/les-bassans.com\/wp-content\/uploads\/2025\/04\/les-bassans-hotel-spa-perros-guirec-bretagne-fontenille-collection-logo-officiel-scaled.jpg\" \/>\n\t<meta property=\"og:image:width\" content=\"2560\" \/>\n\t<meta property=\"og:image:height\" content=\"1427\" \/>\n\t<meta property=\"og:image:type\" content=\"image\/jpeg\" \/>\n<meta name=\"twitter:card\" content=\"summary_large_image\" \/>\n<meta name=\"twitter:label1\" content=\"Gesch\u00e4tzte Lesezeit\" \/>\n\t<meta name=\"twitter:data1\" content=\"2\u00a0Minuten\" \/>\n<script type=\"application\/ld+json\" class=\"yoast-schema-graph\">{\"@context\":\"https:\\\/\\\/schema.org\",\"@graph\":[{\"@type\":\"WebPage\",\"@id\":\"https:\\\/\\\/les-bassans.com\\\/mentions-legales\\\/\",\"url\":\"https:\\\/\\\/les-bassans.com\\\/mentions-legales\\\/\",\"name\":\"Mentions L\u00e9gales &#8226; Les Bassans\",\"isPartOf\":{\"@id\":\"https:\\\/\\\/les-bassans.com\\\/#website\"},\"datePublished\":\"2025-04-02T15:10:08+00:00\",\"dateModified\":\"2026-03-20T19:41:15+00:00\",\"breadcrumb\":{\"@id\":\"https:\\\/\\\/les-bassans.com\\\/mentions-legales\\\/#breadcrumb\"},\"inLanguage\":\"de\",\"potentialAction\":[{\"@type\":\"ReadAction\",\"target\":[\"https:\\\/\\\/les-bassans.com\\\/mentions-legales\\\/\"]}]},{\"@type\":\"BreadcrumbList\",\"@id\":\"https:\\\/\\\/les-bassans.com\\\/mentions-legales\\\/#breadcrumb\",\"itemListElement\":[{\"@type\":\"ListItem\",\"position\":1,\"name\":\"Accueil\",\"item\":\"https:\\\/\\\/les-bassans.com\\\/\"},{\"@type\":\"ListItem\",\"position\":2,\"name\":\"Mentions L\u00e9gales\"}]},{\"@type\":\"WebSite\",\"@id\":\"https:\\\/\\\/les-bassans.com\\\/#website\",\"url\":\"https:\\\/\\\/les-bassans.com\\\/\",\"name\":\"Les Bassans\",\"description\":\"H\u00f4tel Spa \u00e0 Perros-Guirec et Restaurant vue mer\",\"publisher\":{\"@id\":\"https:\\\/\\\/les-bassans.com\\\/#organization\"},\"potentialAction\":[{\"@type\":\"SearchAction\",\"target\":{\"@type\":\"EntryPoint\",\"urlTemplate\":\"https:\\\/\\\/les-bassans.com\\\/?s={search_term_string}\"},\"query-input\":{\"@type\":\"PropertyValueSpecification\",\"valueRequired\":true,\"valueName\":\"search_term_string\"}}],\"inLanguage\":\"de\"},{\"@type\":\"Organization\",\"@id\":\"https:\\\/\\\/les-bassans.com\\\/#organization\",\"name\":\"Les Bassans\",\"alternateName\":\"Bassans\",\"url\":\"https:\\\/\\\/les-bassans.com\\\/\",\"logo\":{\"@type\":\"ImageObject\",\"inLanguage\":\"de\",\"@id\":\"https:\\\/\\\/les-bassans.com\\\/#\\\/schema\\\/logo\\\/image\\\/\",\"url\":\"https:\\\/\\\/les-bassans.com\\\/wp-content\\\/uploads\\\/2023\\\/05\\\/LesBassans-Logo-Simple.png\",\"contentUrl\":\"https:\\\/\\\/les-bassans.com\\\/wp-content\\\/uploads\\\/2023\\\/05\\\/LesBassans-Logo-Simple.png\",\"width\":850,\"height\":253,\"caption\":\"Les Bassans\"},\"image\":{\"@id\":\"https:\\\/\\\/les-bassans.com\\\/#\\\/schema\\\/logo\\\/image\\\/\"}}]}<\/script>\n<!-- \/ Yoast SEO plugin. -->","yoast_head_json":{"title":"Rechtliche Hinweise - Les Bassans","robots":{"index":"index","follow":"follow","max-snippet":"max-snippet:-1","max-image-preview":"max-image-preview:large","max-video-preview":"max-video-preview:-1"},"canonical":"https:\/\/les-bassans.com\/de\/rechtliche-hinweise\/","og_locale":"de_DE","og_type":"article","og_title":"Mentions L\u00e9gales &#8226; Les Bassans","og_description":"Mentions L\u00e9gales Notre site web : https:les-bassans.com Soci\u00e9t\u00e9 : Les Domaines de Fontenille SAS Si\u00e8ge social : Domaine de Fontenille 84360 Lauris Adresse de contact et \u00e9tablissement secondaire : 9 avenue de l\u2019Op\u00e9ra 75001 Paris contact@fontenillecollection.com SIREN : 798 361 184 TVA : FR13 798361184 Capital social : 94 626 400 EUR Objet du site [&hellip;]","og_url":"https:\/\/les-bassans.com\/de\/rechtliche-hinweise\/","og_site_name":"Les Bassans","article_modified_time":"2026-03-20T19:41:15+00:00","og_image":[{"width":2560,"height":1427,"url":"https:\/\/les-bassans.com\/wp-content\/uploads\/2025\/04\/les-bassans-hotel-spa-perros-guirec-bretagne-fontenille-collection-logo-officiel-scaled.jpg","type":"image\/jpeg"}],"twitter_card":"summary_large_image","twitter_misc":{"Gesch\u00e4tzte Lesezeit":"2\u00a0Minuten"},"schema":{"@context":"https:\/\/schema.org","@graph":[{"@type":"WebPage","@id":"https:\/\/les-bassans.com\/mentions-legales\/","url":"https:\/\/les-bassans.com\/mentions-legales\/","name":"Rechtliche Hinweise - Les Bassans","isPartOf":{"@id":"https:\/\/les-bassans.com\/#website"},"datePublished":"2025-04-02T15:10:08+00:00","dateModified":"2026-03-20T19:41:15+00:00","breadcrumb":{"@id":"https:\/\/les-bassans.com\/mentions-legales\/#breadcrumb"},"inLanguage":"de","potentialAction":[{"@type":"ReadAction","target":["https:\/\/les-bassans.com\/mentions-legales\/"]}]},{"@type":"BreadcrumbList","@id":"https:\/\/les-bassans.com\/mentions-legales\/#breadcrumb","itemListElement":[{"@type":"ListItem","position":1,"name":"Accueil","item":"https:\/\/les-bassans.com\/"},{"@type":"ListItem","position":2,"name":"Mentions L\u00e9gales"}]},{"@type":"WebSite","@id":"https:\/\/les-bassans.com\/#website","url":"https:\/\/les-bassans.com\/","name":"Die Bassans","description":"Spa-Hotel in Perros-Guirec und Restaurant mit Meerblick","publisher":{"@id":"https:\/\/les-bassans.com\/#organization"},"potentialAction":[{"@type":"SearchAction","target":{"@type":"EntryPoint","urlTemplate":"https:\/\/les-bassans.com\/?s={search_term_string}"},"query-input":{"@type":"PropertyValueSpecification","valueRequired":true,"valueName":"search_term_string"}}],"inLanguage":"de"},{"@type":"Organization","@id":"https:\/\/les-bassans.com\/#organization","name":"Die Bassans","alternateName":"Bassans","url":"https:\/\/les-bassans.com\/","logo":{"@type":"ImageObject","inLanguage":"de","@id":"https:\/\/les-bassans.com\/#\/schema\/logo\/image\/","url":"https:\/\/les-bassans.com\/wp-content\/uploads\/2023\/05\/LesBassans-Logo-Simple.png","contentUrl":"https:\/\/les-bassans.com\/wp-content\/uploads\/2023\/05\/LesBassans-Logo-Simple.png","width":850,"height":253,"caption":"Les Bassans"},"image":{"@id":"https:\/\/les-bassans.com\/#\/schema\/logo\/image\/"}}]}},"_links":{"self":[{"href":"https:\/\/les-bassans.com\/de\/wp-json\/wp\/v2\/pages\/27295","targetHints":{"allow":["GET"]}}],"collection":[{"href":"https:\/\/les-bassans.com\/de\/wp-json\/wp\/v2\/pages"}],"about":[{"href":"https:\/\/les-bassans.com\/de\/wp-json\/wp\/v2\/types\/page"}],"author":[{"embeddable":true,"href":"https:\/\/les-bassans.com\/de\/wp-json\/wp\/v2\/users\/1"}],"replies":[{"embeddable":true,"href":"https:\/\/les-bassans.com\/de\/wp-json\/wp\/v2\/comments?post=27295"}],"version-history":[{"count":7,"href":"https:\/\/les-bassans.com\/de\/wp-json\/wp\/v2\/pages\/27295\/revisions"}],"predecessor-version":[{"id":29896,"href":"https:\/\/les-bassans.com\/de\/wp-json\/wp\/v2\/pages\/27295\/revisions\/29896"}],"wp:attachment":[{"href":"https:\/\/les-bassans.com\/de\/wp-json\/wp\/v2\/media?parent=27295"}],"curies":[{"name":"wp","href":"https:\/\/api.w.org\/{rel}","templated":true}]}}